{"id":8532,"date":"2018-05-24T21:39:50","date_gmt":"2018-05-24T21:39:50","guid":{"rendered":"http:\/\/restaurantiberic.com\/?page_id=8532"},"modified":"2023-09-13T11:17:18","modified_gmt":"2023-09-13T11:17:18","slug":"proteccion-datos-gdpr","status":"publish","type":"page","link":"https:\/\/restaurantiberic.com\/es\/proteccion-datos-gdpr\/","title":{"rendered":"Protecci\u00f3n de datos GDPR"},"content":{"rendered":"<section  class='av_textblock_section av-2r051w-4c427943669a3f06de1ffb8b1737e6f9 '   itemscope=\"itemscope\" itemtype=\"https:\/\/schema.org\/CreativeWork\" ><div class='avia_textblock'  itemprop=\"text\" ><p>AVISO LEGAL<\/p>\n<p>Este sitio web es propiedad del Restaurant Ib\u00e8ric. C\/Valls, 11. 17133 Ullastret. NIF: B17151820<\/p>\n<p>POL\u00cdTICA DE PRIVACIDAD<\/p>\n<p>Nuestro compromiso con la gesti\u00f3n correcta de los datos personales que recabamos de nuestros clientes y usuarios nos lleva a nuestra voluntad de aplicar el nuevo reglamento general de protecci\u00f3n de datos (GDPR). Aqu\u00ed explicamos:<\/p>\n<ul>\n<li>\u00bfQui\u00e9n es el responsable del tratamiento de sus datos.<\/li>\n<li>Para qu\u00e9 fines recabamos los datos que le solicitamos.<\/li>\n<li>\u00bfCu\u00e1l es la legitimaci\u00f3n para su tratamiento?<\/li>\n<li>Durante cu\u00e1nto tiempo los conservamos.<\/li>\n<li>\u00bfA qu\u00e9 destinatarios se comunican sus datos?<\/li>\n<li>\u00bfCu\u00e1les son sus derechos.<\/li>\n<\/ul>\n<p>RESPONSABLE:<\/p>\n<p>Restaurant Ib\u00e8ric. C\/Valls, 11. 17133 Ullastret. NIF: B17151820<\/p>\n<table id=\"users-list-table\" width=\"100%\" cellspacing=\"0\">\n<tbody>\n<tr class=\" odd\" data-row-id=\"32\">\n<td class=\"minor\"><a href=\"mailto:david@restaurantiberic.com\">david@restaurantiberic.com<\/a><\/td>\n<\/tr>\n<\/tbody>\n<\/table>\n<p>Finalidades, legitimaci\u00f3n y conservaci\u00f3n de los tratamientos de los datos enviados a trav\u00e9s de:<\/p>\n<p>FORMULARIO DE CONTACTO<\/p>\n<ul>\n<li>Finalidad: Facilitarle un medio para que pueda ponerse en contacto con nosotros y contestar a sus solicitudes de informaci\u00f3n, as\u00ed como enviarle comunicaciones de nuestros productos, servicios y actividades, inclusive por medios electr\u00f3nicos (E-mail SMS, WhatsApp), si marca la casilla de aceptaci\u00f3n.<\/li>\n<li>Legitimaci\u00f3n: El consentimiento del usuario en solicitar informaci\u00f3n a trav\u00e9s de nuestro formulario de contactos y en marcar la casilla de aceptaci\u00f3n de env\u00edo de informaci\u00f3n.<\/li>\n<li>Conservaci\u00f3n: Una vez resuelta su solicitud por medio de nuestro formulario o contestada por correo electr\u00f3nico, si no ha generado un nuevo tratamiento, y en caso de haber aceptado recibir env\u00edos comerciales, hasta que solicite la baja de los mismos .<\/li>\n<\/ul>\n<p>FORMULARIO DE RESERVA<\/p>\n<ul>\n<li>Finalidad: Darlo de alta como cliente, gestionar sus reservas, e informarle de nuestras actividades, productos y servicios, as\u00ed como enviarle comunicaciones comerciales de nuestros productos, servicios inclusive por medios electr\u00f3nicos (E-mail SMS, WhatsApp), si marca la casilla de aceptaci\u00f3n.<\/li>\n<li>Legitimaci\u00f3n: El consentimiento del usuario al registrarse a trav\u00e9s de nuestro formulario de reserva y en marcar la casilla de aceptaci\u00f3n de env\u00edo de informaci\u00f3n.<\/li>\n<li>Conservaci\u00f3n: Hasta que el usuario registrado solicite su baja y posteriormente durante los plazos legalmente previstos.<\/li>\n<\/ul>\n<p>ENV\u00cdO DE CORREOS ELECTR\u00d3NICOS<\/p>\n<ul>\n<li>Finalidad: Contestar a sus solicitudes de informaci\u00f3n, atender sus peticiones y responder sus consultas o dudas.<\/li>\n<li>Legitimaci\u00f3n: El consentimiento del usuario en solicitar informaci\u00f3n a trav\u00e9s de la direcci\u00f3n de correo electr\u00f3nico.<\/li>\n<li>Conservaci\u00f3n: Hasta que el usuario registrado solicite su baja y posteriormente durante los plazos legalmente previstos.<\/li>\n<\/ul>\n<p>SUSCRIPCI\u00d3N A NUESTRA NEWSLETTER<\/p>\n<ul>\n<li>Finalidad: Env\u00edo de nuestro bolet\u00edn comercial y de comunicaciones informativas y publicitarias sobre nuestros productos o servicios que sean de su inter\u00e9s, incluso por medios electr\u00f3nicos (E-mail, SMS, WhatsApp).<\/li>\n<li>Legitimaci\u00f3n: El consentimiento del usuario en suscribirse a nuestros env\u00edos comerciales y \/ o newsletters.<\/li>\n<li>Conservaci\u00f3n: Hasta que el interesado rechace el consentimiento y solicite la baja del servicio.<\/li>\n<\/ul>\n<p>Obligaci\u00f3n de facilitarnos sus datos personales y consecuencias de no hacerlo. El suministro de datos personales requiere una edad m\u00ednima de 13 a\u00f1os, o en su caso, disponer de capacidad jur\u00eddica suficiente para contratar. Los datos personales solicitados son necesarios para gestionar sus solicitudes y \/ o prestarle los servicios que pueda contratar, por lo que, si no nos los facilita, no podremos atenderle correctamente ni prestarle el servicio que ha solicitado<\/p>\n<p>DESTINATARIOS DE SUS DATOS<\/p>\n<p>Sus datos son confidenciales y no se ceder\u00e1n a terceros, salvo que se requiera para gestionar los servicios contratados o que exista obligaci\u00f3n legal.<\/p>\n<p>DERECHOS EN RELACI\u00d3N CON SUS DATOS PERSONALES<\/p>\n<p>Cualquier persona puede retirar su consentimiento en cualquier momento, cuando el mismo se haya otorgado para el tratamiento de sus datos. En ning\u00fan caso, la retirada de este consentimiento condiciona la ejecuci\u00f3n del contrato de suscripci\u00f3n o las relaciones generadas con anterioridad.<\/p>\n<p>Igualmente, puede ejercer los siguientes derechos:<\/p>\n<ul>\n<li>Solicitar el acceso a sus datos personales o su rectificaci\u00f3n cuando sean inexactos.<\/li>\n<li>Solicitar su supresi\u00f3n cuando, entre otros motivos, los datos ya no sean necesarios para los fines para los que fueron recogidos.<\/li>\n<li>Solicitar la limitaci\u00f3n de su tratamiento en determinadas circunstancias.<\/li>\n<li>Solicitar la oposici\u00f3n al tratamiento de sus datos por motivos relacionados con su situaci\u00f3n particular.<\/li>\n<li>Solicitar la portabilidad de los datos en los casos previstos en la normativa.<\/li>\n<li>Otros derechos reconocidos en las normativas aplicables.<\/li>\n<\/ul>\n<p>D\u00f3nde y c\u00f3mo solicitar sus\u00a0 derechos: Mediante escrito dirigido al responsable a su direcci\u00f3n postal o electr\u00f3nica (indicadas en la parte superior de esta p\u00e1gina), indicando la referencia \u201cDatos Personales\u201d, especificando el derecho que se quiere ejercer y respecto a qu\u00e9 datos personales.<\/p>\n<p>En caso de divergencias con la empresa en relaci\u00f3n con el tratamiento de sus datos, puede presentar una reclamaci\u00f3n ante la <a href=\"http:\/\/apdcat.gencat.cat\/ca\/inici\">Autoridad de Protecci\u00f3n de Datos<\/a>.<\/p>\n<p>COOKIES<\/p>\n<p>Esta p\u00e1gina web, \u00fanicamente utiliza cookies t\u00e9cnicas, de personalizaci\u00f3n y an\u00e1lisis, propias y de terceros (Google Analytics), que en ning\u00fan caso tratan datos de car\u00e1cter personal ni captan h\u00e1bitos de navegaci\u00f3n para fines publicitarios.<\/p>\n<p>Por ello, al acceder a nuestra web, en cumplimiento del art\u00edculo 22 de la Ley de Servicios de la Sociedad de la Informaci\u00f3n, al tratar cookies de an\u00e1lisis, le hemos sollicitado su consentimiento para su uso y facilidad informaci\u00f3n de las mismas, que en todo caso se instalar\u00e1n pasado un plazo de tiempo prudencial para que el usuario tenga tiempo de decidir prestar su consentimiento o no.<\/p>\n<p>SEGURIDAD DE SUS DATOS PERSONALES<\/p>\n<p>Con el objetivo de salvaguardar la seguridad de sus datos personales, le informamos que hemos adoptado todas las medidas t\u00e9cnicas y organizativas necesarias para garantizar la seguridad de los datos personales suministrados de su alteraci\u00f3n, p\u00e9rdida, y tratamientos o accesos no autorizados.<\/p>\n<p>ACTUALIZACI\u00d3N DE SUS DATOS<\/p>\n<p>Es importante que para que podamos mantener sus datos personales actualizados, nos informe siempre que haya habido alguna modificaci\u00f3n en ellos, en caso contrario, no respondemos de la veracidad de los mismos.<\/p>\n<p>No nos hacemos responsables de la pol\u00edtica de privacidad respecto a los datos personales que pueda facilitar a terceros por medio de los enlaces disponibles en nuestra p\u00e1gina web.<\/p>\n<p>La presente Pol\u00edtica de Privacidad puede ser modificada para adaptarse a los cambios que se produzcan en nuestra web, as\u00ed como modificaciones legislativas o jurisprudenciales sobre datos personales que vayan apareciendo, por lo que exige su lectura, cada vez que nos facilite sus datos a trav\u00e9s de esta Web.<\/p>\n<p>CL\u00c1USULA PARA COMUNICACIONES COMERCIALES<\/p>\n<p>Pulsando la casilla correspondiente a la autorizaci\u00f3n para recibir comunicaciones por correo electr\u00f3nico por parte del Restaurant Ib\u00e9ric nos autoriza a enviarle informaci\u00f3n referida a la actividad normal de nuestro establecimiento. Usted puede darse de baja siempre que lo desee, ya sea a trav\u00e9s del mecanismo previsto en el correo de env\u00edo o bien dirigi\u00e9ndose a nosotros a trav\u00e9s del correo electr\u00f3nico david@restaurantiberic.com o bien dirigi\u00e9ndose a la direcci\u00f3n postal del Restaurant Ib\u00e8ric. C\/Valls, 11. 17133 Ullastret. NIF: B17151820.<\/p>\n<\/div><\/section>\n","protected":false},"excerpt":{"rendered":"","protected":false},"author":1,"featured_media":0,"parent":0,"menu_order":0,"comment_status":"closed","ping_status":"closed","template":"","meta":{"footnotes":""},"class_list":["post-8532","page","type-page","status-publish","hentry"],"yoast_head":"<!-- This site is optimized with the Yoast SEO plugin v26.7 - https:\/\/yoast.com\/wordpress\/plugins\/seo\/ -->\n<title>Protecci\u00f3n de datos GDPR - Restaurant Ib\u00e8ric<\/title>\n<meta name=\"robots\" content=\"index, follow, max-snippet:-1, max-image-preview:large, max-video-preview:-1\" \/>\n<link rel=\"canonical\" href=\"https:\/\/restaurantiberic.com\/es\/proteccion-datos-gdpr\/\" \/>\n<meta property=\"og:locale\" content=\"es_ES\" \/>\n<meta property=\"og:type\" content=\"article\" \/>\n<meta property=\"og:title\" content=\"Protecci\u00f3n de datos GDPR - Restaurant Ib\u00e8ric\" \/>\n<meta property=\"og:url\" content=\"https:\/\/restaurantiberic.com\/es\/proteccion-datos-gdpr\/\" \/>\n<meta property=\"og:site_name\" content=\"Restaurant Ib\u00e8ric\" \/>\n<meta property=\"article:modified_time\" content=\"2023-09-13T11:17:18+00:00\" \/>\n<meta name=\"twitter:card\" content=\"summary_large_image\" \/>\n<meta name=\"twitter:label1\" content=\"Tiempo de lectura\" \/>\n\t<meta name=\"twitter:data1\" content=\"6 minutos\" \/>\n<script type=\"application\/ld+json\" class=\"yoast-schema-graph\">{\"@context\":\"https:\/\/schema.org\",\"@graph\":[{\"@type\":\"WebPage\",\"@id\":\"https:\/\/restaurantiberic.com\/es\/proteccion-datos-gdpr\/\",\"url\":\"https:\/\/restaurantiberic.com\/es\/proteccion-datos-gdpr\/\",\"name\":\"Protecci\u00f3n de datos GDPR - Restaurant Ib\u00e8ric\",\"isPartOf\":{\"@id\":\"https:\/\/restaurantiberic.com\/es\/#website\"},\"datePublished\":\"2018-05-24T21:39:50+00:00\",\"dateModified\":\"2023-09-13T11:17:18+00:00\",\"breadcrumb\":{\"@id\":\"https:\/\/restaurantiberic.com\/es\/proteccion-datos-gdpr\/#breadcrumb\"},\"inLanguage\":\"es\",\"potentialAction\":[{\"@type\":\"ReadAction\",\"target\":[\"https:\/\/restaurantiberic.com\/es\/proteccion-datos-gdpr\/\"]}]},{\"@type\":\"BreadcrumbList\",\"@id\":\"https:\/\/restaurantiberic.com\/es\/proteccion-datos-gdpr\/#breadcrumb\",\"itemListElement\":[{\"@type\":\"ListItem\",\"position\":1,\"name\":\"Inici\",\"item\":\"https:\/\/restaurantiberic.com\/es\/\"},{\"@type\":\"ListItem\",\"position\":2,\"name\":\"Protecci\u00f3n de datos GDPR\"}]},{\"@type\":\"WebSite\",\"@id\":\"https:\/\/restaurantiberic.com\/es\/#website\",\"url\":\"https:\/\/restaurantiberic.com\/es\/\",\"name\":\"Restaurant Ib\u00e8ric\",\"description\":\"\",\"potentialAction\":[{\"@type\":\"SearchAction\",\"target\":{\"@type\":\"EntryPoint\",\"urlTemplate\":\"https:\/\/restaurantiberic.com\/es\/?s={search_term_string}\"},\"query-input\":{\"@type\":\"PropertyValueSpecification\",\"valueRequired\":true,\"valueName\":\"search_term_string\"}}],\"inLanguage\":\"es\"}]}<\/script>\n<!-- \/ Yoast SEO plugin. -->","yoast_head_json":{"title":"Protecci\u00f3n de datos GDPR - Restaurant Ib\u00e8ric","robots":{"index":"index","follow":"follow","max-snippet":"max-snippet:-1","max-image-preview":"max-image-preview:large","max-video-preview":"max-video-preview:-1"},"canonical":"https:\/\/restaurantiberic.com\/es\/proteccion-datos-gdpr\/","og_locale":"es_ES","og_type":"article","og_title":"Protecci\u00f3n de datos GDPR - Restaurant Ib\u00e8ric","og_url":"https:\/\/restaurantiberic.com\/es\/proteccion-datos-gdpr\/","og_site_name":"Restaurant Ib\u00e8ric","article_modified_time":"2023-09-13T11:17:18+00:00","twitter_card":"summary_large_image","twitter_misc":{"Tiempo de lectura":"6 minutos"},"schema":{"@context":"https:\/\/schema.org","@graph":[{"@type":"WebPage","@id":"https:\/\/restaurantiberic.com\/es\/proteccion-datos-gdpr\/","url":"https:\/\/restaurantiberic.com\/es\/proteccion-datos-gdpr\/","name":"Protecci\u00f3n de datos GDPR - Restaurant Ib\u00e8ric","isPartOf":{"@id":"https:\/\/restaurantiberic.com\/es\/#website"},"datePublished":"2018-05-24T21:39:50+00:00","dateModified":"2023-09-13T11:17:18+00:00","breadcrumb":{"@id":"https:\/\/restaurantiberic.com\/es\/proteccion-datos-gdpr\/#breadcrumb"},"inLanguage":"es","potentialAction":[{"@type":"ReadAction","target":["https:\/\/restaurantiberic.com\/es\/proteccion-datos-gdpr\/"]}]},{"@type":"BreadcrumbList","@id":"https:\/\/restaurantiberic.com\/es\/proteccion-datos-gdpr\/#breadcrumb","itemListElement":[{"@type":"ListItem","position":1,"name":"Inici","item":"https:\/\/restaurantiberic.com\/es\/"},{"@type":"ListItem","position":2,"name":"Protecci\u00f3n de datos GDPR"}]},{"@type":"WebSite","@id":"https:\/\/restaurantiberic.com\/es\/#website","url":"https:\/\/restaurantiberic.com\/es\/","name":"Restaurant Ib\u00e8ric","description":"","potentialAction":[{"@type":"SearchAction","target":{"@type":"EntryPoint","urlTemplate":"https:\/\/restaurantiberic.com\/es\/?s={search_term_string}"},"query-input":{"@type":"PropertyValueSpecification","valueRequired":true,"valueName":"search_term_string"}}],"inLanguage":"es"}]}},"_links":{"self":[{"href":"https:\/\/restaurantiberic.com\/es\/wp-json\/wp\/v2\/pages\/8532","targetHints":{"allow":["GET"]}}],"collection":[{"href":"https:\/\/restaurantiberic.com\/es\/wp-json\/wp\/v2\/pages"}],"about":[{"href":"https:\/\/restaurantiberic.com\/es\/wp-json\/wp\/v2\/types\/page"}],"author":[{"embeddable":true,"href":"https:\/\/restaurantiberic.com\/es\/wp-json\/wp\/v2\/users\/1"}],"replies":[{"embeddable":true,"href":"https:\/\/restaurantiberic.com\/es\/wp-json\/wp\/v2\/comments?post=8532"}],"version-history":[{"count":5,"href":"https:\/\/restaurantiberic.com\/es\/wp-json\/wp\/v2\/pages\/8532\/revisions"}],"predecessor-version":[{"id":10376,"href":"https:\/\/restaurantiberic.com\/es\/wp-json\/wp\/v2\/pages\/8532\/revisions\/10376"}],"wp:attachment":[{"href":"https:\/\/restaurantiberic.com\/es\/wp-json\/wp\/v2\/media?parent=8532"}],"curies":[{"name":"wp","href":"https:\/\/api.w.org\/{rel}","templated":true}]}}