{"id":8526,"date":"2018-05-24T21:18:29","date_gmt":"2018-05-24T21:18:29","guid":{"rendered":"http:\/\/restaurantiberic.com\/?page_id=8526"},"modified":"2023-09-13T11:17:18","modified_gmt":"2023-09-13T11:17:18","slug":"politica-de-cookies-2","status":"publish","type":"page","link":"https:\/\/restaurantiberic.com\/es\/politica-de-cookies-2\/","title":{"rendered":"Pol\u00edtica de cookies"},"content":{"rendered":"<section  class='av_textblock_section av-38fhxa-90798e0ec02de914c4b33fd4bcd7a577 '   itemscope=\"itemscope\" itemtype=\"https:\/\/schema.org\/CreativeWork\" ><div class='avia_textblock'  itemprop=\"text\" ><h1><b>POL\u00cdTICA DE COOKIES<\/b><\/h1>\n<p>Una\u00a0<em>cookie<\/em>\u00a0es un peque\u00f1o fichero de texto que se almacena en su navegador cuando visita casi cualquier p\u00e1gina web. Su utilidad es que la web sea capaz de recordar su visita cuando vuelva a navegar por esa p\u00e1gina. Las\u00a0<em>cookies<\/em>\u00a0suelen almacenar informaci\u00f3n de car\u00e1cter t\u00e9cnico, preferencias personales, personalizaci\u00f3n de contenidos, estad\u00edsticas de uso, enlaces a redes sociales, acceso a cuentas de usuario, etc. El objetivo de la\u00a0<em>cookie<\/em>\u00a0es adaptar el contenido de la web a su perfil y necesidades, sin\u00a0<em>cookies<\/em>\u00a0los servicios ofrecidos por cualquier p\u00e1gina se ver\u00edan mermados notablemente. Si desea consultar m\u00e1s informaci\u00f3n sobre qu\u00e9 son las\u00a0<em>cookies<\/em>, qu\u00e9 almacenan, c\u00f3mo eliminarlas, desactivarlas, siga leyendo este documento.<\/p>\n<p><strong>Cookies utilizadas en este sitio web<\/strong><\/p>\n<p>Siguiendo las directrices de la Agencia Espa\u00f1ola de Protecci\u00f3n de Datos procedemos a detallar el uso de\u00a0<em>cookies<\/em>\u00a0que hace esta web con el fin de informarle con la m\u00e1xima exactitud posible.<\/p>\n<p>Este sitio web utiliza las siguientes\u00a0<strong>cookies propias<\/strong>:<\/p>\n<ul>\n<ul>\n<li>Cookies de sesi\u00f3n, para garantizar que los usuarios que escriban comentarios en el blog sean humanos y no aplicaciones automatizadas. De esta forma se combate el\u00a0<em>spam<\/em>.<\/li>\n<\/ul>\n<\/ul>\n<p>Este sitio web puede utilizar las siguientes\u00a0<strong>cookies de terceros<\/strong>:<\/p>\n<ul>\n<ul>\n<li>Google Analytics: Almacena\u00a0<em>cookies<\/em>\u00a0para poder elaborar estad\u00edsticas sobre el tr\u00e1fico y volumen de visitas de esta web. Al utilizar este sitio web est\u00e1 consintiendo el tratamiento de informaci\u00f3n acerca de usted por Google. Por tanto, el ejercicio de cualquier derecho en este sentido deber\u00e1 hacerlo comunicando directamente con Google.<\/li>\n<\/ul>\n<\/ul>\n<ul>\n<ul>\n<li>Redes sociales: Cada red social utiliza sus propias\u00a0<em>cookies<\/em>\u00a0para que usted pueda pinchar en botones del tipo\u00a0<em>Me gusta<\/em>\u00a0o\u00a0<em>Compartir<\/em>.<\/li>\n<\/ul>\n<\/ul>\n<p><strong>Desactivaci\u00f3n o eliminaci\u00f3n de cookies<\/strong><\/p>\n<p>En cualquier momento podr\u00e1 ejercer su derecho de desactivaci\u00f3n o eliminaci\u00f3n de cookies de este sitio web. Estas acciones se realizan de forma diferente en funci\u00f3n del navegador que est\u00e9 usando.<\/p>\n<p><strong>Notas adicionales<\/strong><\/p>\n<p>Ni esta web ni sus representantes legales se hacen responsables ni del contenido ni de la veracidad de las pol\u00edticas de privacidad que puedan tener los terceros mencionados en esta pol\u00edtica de\u00a0<em>cookies<\/em>.<\/p>\n<p>Los navegadores web son las herramientas encargadas de almacenar las\u00a0<em>cookies<\/em>\u00a0y desde este lugar debe efectuar su derecho a eliminaci\u00f3n o desactivaci\u00f3n de las mismas. Ni esta web ni sus representantes legales pueden garantizar la correcta o incorrecta manipulaci\u00f3n de las\u00a0<em>cookies<\/em>\u00a0por parte de los mencionados navegadores.<\/p>\n<p>En algunos casos es necesario instalar\u00a0<em>cookies<\/em>\u00a0para que el navegador no olvide su decisi\u00f3n de no aceptaci\u00f3n de las mismas.<\/p>\n<p>En el caso de las\u00a0<em>cookies<\/em>\u00a0de Google Analytics, esta empresa almacena las\u00a0<em>cookies<\/em>\u00a0en servidores ubicados en Estados Unidos y se compromete a no compartirla con terceros, excepto en los casos en los que sea necesario para el funcionamiento del sistema o cuando la ley obligue a tal efecto. Seg\u00fan Google no guarda su direcci\u00f3n IP. Google Inc. es una compa\u00f1\u00eda adherida al Acuerdo de Puerto Seguro que garantiza que todos los datos transferidos ser\u00e1n tratados con un nivel de protecci\u00f3n acorde a la normativa europea. Si desea informaci\u00f3n sobre el uso que Google da a las cookies\u00a0<a href=\"https:\/\/developers.google.com\/analytics\/devguides\/collection\/analyticsjs\/cookie-usage?hl=es&amp;csw=1\">le adjuntamos este enlace<\/a>.<\/p>\n<p>Para cualquier duda o consulta acerca de esta pol\u00edtica de\u00a0<em>cookies<\/em>\u00a0no dude en comunicarse con nosotros a trav\u00e9s de la secci\u00f3n de contacto.<\/p>\n<p><strong>M\u00c1S INFORMACI\u00d3N SOBRE LAS COOKIES<\/strong><\/p>\n<p>\u00bfQu\u00e9 es una galleta o cookie?<\/p>\n<p>Una cookie es un archivo de texto que se almacena en su navegador cuando visita casi cualquier p\u00e1gina web. La utilidad de la galleta es que la web sea capaz de recordar su visita cuando vuelva a navegar por esta p\u00e1gina. Aunque mucha gente no lo sabe las galletas se llevan utilizando desde hace 20 a\u00f1os, cuando aparecieron los primeros navegadores para la World Wide Web.<\/p>\n<p>Qu\u00e9 NO ES una galleta?<\/p>\n<p>No es un virus, ni un troyano, ni un gusano, ni spam, ni spyware, ni abre ventanas pop-up.<\/p>\n<p>\u00bfQu\u00e9 informaci\u00f3n almacena una cookie?<\/p>\n<p>Las cookies no suelen almacenar informaci\u00f3n sensible sobre usted, como tarjetas de cr\u00e9dito o datos bancarios, fotograf\u00edas, su DNI o informaci\u00f3n personal, etc. Los datos que guardan son de car\u00e1cter t\u00e9cnico, preferencias personales, personalizaci\u00f3n de contenidos, etc.<\/p>\n<p>El servidor web no le asocia a usted como persona si no en su navegador web. De hecho, si usted navega habitualmente con Internet Explorer y prueba a navegar por la misma web con Firefox o Chrome ver\u00e1 que la web no se da cuenta que es usted la misma persona que en realidad est\u00e1 asociando al navegador, no a la persona.<\/p>\n<p>\u00bfQu\u00e9 tipo de galletas hay?<\/p>\n<p>Galletas t\u00e9cnicas: Son las m\u00e1s elementales y permiten, entre otras cosas, saber cuando est\u00e1 navegando un humano o una aplicaci\u00f3n automatizada, cuando navega un usuario an\u00f3nimo y un registrado, tareas b\u00e1sicas para el funcionamiento de cualquier web din\u00e1mica.<\/p>\n<p>Galletas de an\u00e1lisis: Recogen informaci\u00f3n sobre el tipo de navegaci\u00f3n que est\u00e1 realizando, las secciones que m\u00e1s utiliza, productos consultados, franja horaria de uso, idioma, etc.<\/p>\n<p>Galletas publicitarias: Muestran publicidad en funci\u00f3n de su navegaci\u00f3n, su pa\u00eds de procedencia, idioma, etc.<\/p>\n<p>\u00bfQu\u00e9 son las cookies propias y las de terceros?<\/p>\n<p>Las cookies propias son las generadas por la p\u00e1gina que est\u00e1 visitando y las de terceros son las generadas por servicios o proveedores externos como Facebook, Twitter, Google, etc.<\/p>\n<p>\u00bfQu\u00e9 pasa si desactivo las cookies?<\/p>\n<p>Porque entienda el alcance que puede tener desactivar las cookies le mostramos unos ejemplos:<\/p>\n<p>No podr\u00e1 compartir contenidos de esta web en Facebook, Twitter o cualquier otra red social.<\/p>\n<p>El sitio web no podr\u00e1 adaptar los contenidos a sus preferencias personales, como suele ocurrir en las tiendas en l\u00ednea.<\/p>\n<p>No podr\u00e1 acceder al \u00e1rea personal de esta web, como por ejemplo Mi cuenta, o Mi perfil o Mis pedidos.<\/p>\n<p>Tiendas en l\u00ednea: Le ser\u00e1 imposible realizar compras en l\u00ednea, deber\u00e1n ser telef\u00f3nicas o visitando la tienda f\u00edsica si es que dispone de ella.<\/p>\n<p>No ser\u00e1 posible personalizar sus preferencias geogr\u00e1ficas como franja horaria, divisa o idioma.<\/p>\n<p>El sitio web no podr\u00e1 realizar anal\u00edticas web sobre visitantes y tr\u00e1fico en la web, lo que dificultar\u00e1 que la web sea competitiva.<\/p>\n<p>No podr\u00e1 escribir en el blog, no podr\u00e1 subir fotos, publicar comentarios, valorar o puntuar contenidos. La web tampoco podr\u00e1 saber si usted es un humano o una aplicaci\u00f3n automatizada que publica spam.<\/p>\n<p>No se podr\u00e1 mostrar publicidad sectorizada, lo que reducir\u00e1 los ingresos publicitarios de la web.<\/p>\n<p>Todas las redes sociales utilizan cookies, si las desactiva no podr\u00e1 utilizar ninguna red social.<\/p>\n<p>Se pueden eliminar las cookies?<\/p>\n<p>S\u00ed. No s\u00f3lo eliminar, tambi\u00e9n bloquear, de forma general o particular para un dominio espec\u00edfico.<\/p>\n<p>Para eliminar las cookies de un sitio web tiene que ir a la configuraci\u00f3n de su navegador y all\u00ed podr\u00e1 buscar las asociadas al dominio en cuesti\u00f3n y proceder a su eliminaci\u00f3n.<\/p>\n<p>CONFIGURACI\u00d3N DE COOKIES PARA LOS NAVEGADORES M\u00c1S POLULARS<\/p>\n<p>A continuaci\u00f3n le indicamos c\u00f3mo acceder a una cookie determinada del navegador Chrome.<\/p>\n<p>Nota: estos pasos pueden variar en funci\u00f3n de la versi\u00f3n del navegador:<\/p>\n<p>Vaya a Configuraci\u00f3n o Preferencias mediante el men\u00fa Archivo o bien pulsando el icono de personalizaci\u00f3n que aparece arriba a la derecha.<\/p>\n<p>Ver\u00e1 diferentes secciones, pinche la opci\u00f3n Mostrar opciones avanzadas.<\/p>\n<p>Vaya a Privacidad, Configuraci\u00f3n de contenido.<\/p>\n<p>Seleccione Todas las cookies y datos del sitio.<\/p>\n<p>Aparecer\u00e1 un listado con todas las cookies ordenadas por dominio. Para que le sea m\u00e1s f\u00e1cil encontrar las galletas de un determinado dominio introduzca parcial o totalmente la direcci\u00f3n en el campo Buscar cookies.<\/p>\n<p>Despu\u00e9s de realizar este filtro aparecer\u00e1n en pantalla una o varias l\u00edneas con las galletas de la web solicitada. Ahora s\u00f3lo tiene que seleccionarla y pulsar la X para proceder a su eliminaci\u00f3n.<\/p>\n<p>Para acceder a la configuraci\u00f3n de cookies del navegador Internet Explorer hace lo siguiente (pueden variar en funci\u00f3n de la versi\u00f3n del navegador):<\/p>\n<p>Ir a Herramientas, Opciones de Internet<\/p>\n<p>Haga clic en Privacidad.<\/p>\n<p>Mueve el deslizador hasta ajustar el nivel de privacidad que desee.<\/p>\n<p>Para acceder a la configuraci\u00f3n de cookies del navegador Firefox hace lo siguiente (pueden variar en funci\u00f3n de la versi\u00f3n del navegador):<\/p>\n<p>Vaya a Opciones o Preferencias seg\u00fan su sistema operativo.<\/p>\n<p>Haga clic en Privacidad.<\/p>\n<p>En Historial elija Usar una configuraci\u00f3n personalizada para el historial.<\/p>\n<p>Ahora ver\u00e1 la opci\u00f3n Aceptar cookies, puede activarla o desactivarla seg\u00fan sus preferencias.<\/p>\n<p>Para acceder a la configuraci\u00f3n de cookies del navegador Safari para OSX hace lo siguiente (pueden variar en funci\u00f3n de la versi\u00f3n del navegador):<\/p>\n<p>Vaya a Preferencias, despu\u00e9s Privacidad.<\/p>\n<p>En este lugar ver\u00e1 la opci\u00f3n Bloquear galletas para que ajuste el tipo de bloqueo que desea realizar.<\/p>\n<p>Para acceder a la configuraci\u00f3n de cookies del navegador Safari para iOS hace lo siguiente (pueden variar en funci\u00f3n de la versi\u00f3n del navegador):<\/p>\n<p>Vaya a Configuraci\u00f3n, luego Safari.<\/p>\n<p>Vaya a Privacidad y Seguridad, ver\u00e1 la opci\u00f3n Bloquear galletas para que ajuste el tipo de bloqueo que desea realizar.<\/p>\n<p>Para acceder a la configuraci\u00f3n de cookies del navegador para dispositivos Android hace lo siguiente (pueden variar en funci\u00f3n de la versi\u00f3n del navegador):<\/p>\n<p>Ejecute el navegador y pulse la tecla Men\u00fa, luego Configuraci\u00f3n.<\/p>\n<p>Vaya a Seguridad y privacidad, ver\u00e1 la opci\u00f3n Aceptar cookies para que active o desactive la casilla.<\/p>\n<p>Para acceder a la configuraci\u00f3n de cookies del navegador para dispositivos Windows Phone hace lo siguiente (pueden variar en funci\u00f3n de la versi\u00f3n del navegador):<\/p>\n<p>Abra Internet Explorer, despu\u00e9s M\u00e1s, luego Configuraci\u00f3n<\/p>\n<p>Ahora puede activar o desactivar la casilla Permitir cookies.<\/p>\n<\/div><\/section>\n","protected":false},"excerpt":{"rendered":"","protected":false},"author":1,"featured_media":0,"parent":0,"menu_order":0,"comment_status":"closed","ping_status":"closed","template":"","meta":{"footnotes":""},"class_list":["post-8526","page","type-page","status-publish","hentry"],"yoast_head":"<!-- This site is optimized with the Yoast SEO plugin v26.7 - https:\/\/yoast.com\/wordpress\/plugins\/seo\/ -->\n<title>Pol\u00edtica de cookies - Restaurant Ib\u00e8ric<\/title>\n<meta name=\"robots\" content=\"index, follow, max-snippet:-1, max-image-preview:large, max-video-preview:-1\" \/>\n<link rel=\"canonical\" href=\"https:\/\/restaurantiberic.com\/es\/politica-de-cookies-2\/\" \/>\n<meta property=\"og:locale\" content=\"es_ES\" \/>\n<meta property=\"og:type\" content=\"article\" \/>\n<meta property=\"og:title\" content=\"Pol\u00edtica de cookies - Restaurant Ib\u00e8ric\" \/>\n<meta property=\"og:url\" content=\"https:\/\/restaurantiberic.com\/es\/politica-de-cookies-2\/\" \/>\n<meta property=\"og:site_name\" content=\"Restaurant Ib\u00e8ric\" \/>\n<meta property=\"article:modified_time\" content=\"2023-09-13T11:17:18+00:00\" \/>\n<meta name=\"twitter:card\" content=\"summary_large_image\" \/>\n<meta name=\"twitter:label1\" content=\"Tiempo de lectura\" \/>\n\t<meta name=\"twitter:data1\" content=\"8 minutos\" \/>\n<script type=\"application\/ld+json\" class=\"yoast-schema-graph\">{\"@context\":\"https:\/\/schema.org\",\"@graph\":[{\"@type\":\"WebPage\",\"@id\":\"https:\/\/restaurantiberic.com\/es\/politica-de-cookies-2\/\",\"url\":\"https:\/\/restaurantiberic.com\/es\/politica-de-cookies-2\/\",\"name\":\"Pol\u00edtica de cookies - Restaurant Ib\u00e8ric\",\"isPartOf\":{\"@id\":\"https:\/\/restaurantiberic.com\/es\/#website\"},\"datePublished\":\"2018-05-24T21:18:29+00:00\",\"dateModified\":\"2023-09-13T11:17:18+00:00\",\"breadcrumb\":{\"@id\":\"https:\/\/restaurantiberic.com\/es\/politica-de-cookies-2\/#breadcrumb\"},\"inLanguage\":\"es\",\"potentialAction\":[{\"@type\":\"ReadAction\",\"target\":[\"https:\/\/restaurantiberic.com\/es\/politica-de-cookies-2\/\"]}]},{\"@type\":\"BreadcrumbList\",\"@id\":\"https:\/\/restaurantiberic.com\/es\/politica-de-cookies-2\/#breadcrumb\",\"itemListElement\":[{\"@type\":\"ListItem\",\"position\":1,\"name\":\"Inici\",\"item\":\"https:\/\/restaurantiberic.com\/es\/\"},{\"@type\":\"ListItem\",\"position\":2,\"name\":\"Pol\u00edtica de cookies\"}]},{\"@type\":\"WebSite\",\"@id\":\"https:\/\/restaurantiberic.com\/es\/#website\",\"url\":\"https:\/\/restaurantiberic.com\/es\/\",\"name\":\"Restaurant Ib\u00e8ric\",\"description\":\"\",\"potentialAction\":[{\"@type\":\"SearchAction\",\"target\":{\"@type\":\"EntryPoint\",\"urlTemplate\":\"https:\/\/restaurantiberic.com\/es\/?s={search_term_string}\"},\"query-input\":{\"@type\":\"PropertyValueSpecification\",\"valueRequired\":true,\"valueName\":\"search_term_string\"}}],\"inLanguage\":\"es\"}]}<\/script>\n<!-- \/ Yoast SEO plugin. -->","yoast_head_json":{"title":"Pol\u00edtica de cookies - Restaurant Ib\u00e8ric","robots":{"index":"index","follow":"follow","max-snippet":"max-snippet:-1","max-image-preview":"max-image-preview:large","max-video-preview":"max-video-preview:-1"},"canonical":"https:\/\/restaurantiberic.com\/es\/politica-de-cookies-2\/","og_locale":"es_ES","og_type":"article","og_title":"Pol\u00edtica de cookies - Restaurant Ib\u00e8ric","og_url":"https:\/\/restaurantiberic.com\/es\/politica-de-cookies-2\/","og_site_name":"Restaurant Ib\u00e8ric","article_modified_time":"2023-09-13T11:17:18+00:00","twitter_card":"summary_large_image","twitter_misc":{"Tiempo de lectura":"8 minutos"},"schema":{"@context":"https:\/\/schema.org","@graph":[{"@type":"WebPage","@id":"https:\/\/restaurantiberic.com\/es\/politica-de-cookies-2\/","url":"https:\/\/restaurantiberic.com\/es\/politica-de-cookies-2\/","name":"Pol\u00edtica de cookies - Restaurant Ib\u00e8ric","isPartOf":{"@id":"https:\/\/restaurantiberic.com\/es\/#website"},"datePublished":"2018-05-24T21:18:29+00:00","dateModified":"2023-09-13T11:17:18+00:00","breadcrumb":{"@id":"https:\/\/restaurantiberic.com\/es\/politica-de-cookies-2\/#breadcrumb"},"inLanguage":"es","potentialAction":[{"@type":"ReadAction","target":["https:\/\/restaurantiberic.com\/es\/politica-de-cookies-2\/"]}]},{"@type":"BreadcrumbList","@id":"https:\/\/restaurantiberic.com\/es\/politica-de-cookies-2\/#breadcrumb","itemListElement":[{"@type":"ListItem","position":1,"name":"Inici","item":"https:\/\/restaurantiberic.com\/es\/"},{"@type":"ListItem","position":2,"name":"Pol\u00edtica de cookies"}]},{"@type":"WebSite","@id":"https:\/\/restaurantiberic.com\/es\/#website","url":"https:\/\/restaurantiberic.com\/es\/","name":"Restaurant Ib\u00e8ric","description":"","potentialAction":[{"@type":"SearchAction","target":{"@type":"EntryPoint","urlTemplate":"https:\/\/restaurantiberic.com\/es\/?s={search_term_string}"},"query-input":{"@type":"PropertyValueSpecification","valueRequired":true,"valueName":"search_term_string"}}],"inLanguage":"es"}]}},"_links":{"self":[{"href":"https:\/\/restaurantiberic.com\/es\/wp-json\/wp\/v2\/pages\/8526","targetHints":{"allow":["GET"]}}],"collection":[{"href":"https:\/\/restaurantiberic.com\/es\/wp-json\/wp\/v2\/pages"}],"about":[{"href":"https:\/\/restaurantiberic.com\/es\/wp-json\/wp\/v2\/types\/page"}],"author":[{"embeddable":true,"href":"https:\/\/restaurantiberic.com\/es\/wp-json\/wp\/v2\/users\/1"}],"replies":[{"embeddable":true,"href":"https:\/\/restaurantiberic.com\/es\/wp-json\/wp\/v2\/comments?post=8526"}],"version-history":[{"count":2,"href":"https:\/\/restaurantiberic.com\/es\/wp-json\/wp\/v2\/pages\/8526\/revisions"}],"predecessor-version":[{"id":10378,"href":"https:\/\/restaurantiberic.com\/es\/wp-json\/wp\/v2\/pages\/8526\/revisions\/10378"}],"wp:attachment":[{"href":"https:\/\/restaurantiberic.com\/es\/wp-json\/wp\/v2\/media?parent=8526"}],"curies":[{"name":"wp","href":"https:\/\/api.w.org\/{rel}","templated":true}]}}