{"id":7564,"date":"2015-09-01T23:14:34","date_gmt":"2015-09-01T23:14:34","guid":{"rendered":"http:\/\/restaurantiberic.com\/?page_id=7564"},"modified":"2023-09-13T11:17:20","modified_gmt":"2023-09-13T11:17:20","slug":"ullastret-y-su-entorno","status":"publish","type":"page","link":"https:\/\/restaurantiberic.com\/es\/ullastret-y-su-entorno\/","title":{"rendered":"Ullastret y su entorno"},"content":{"rendered":"\n<style type=\"text\/css\" data-created_by=\"avia_inline_auto\" id=\"style-css-av-7g2soc-7b6c34a7ce35cc668431daa0a744bfe2\">\n.avia-section.av-7g2soc-7b6c34a7ce35cc668431daa0a744bfe2 .av-parallax .av-parallax-inner{\nbackground-repeat:no-repeat;\nbackground-image:url(https:\/\/restaurantiberic.com\/wp-content\/uploads\/2015\/06\/Entorn-Rest-Ullastret-1310x430.jpg);\nbackground-position:50% 100%;\nbackground-attachment:scroll;\n}\n<\/style>\n<div id='av_section_1'  class='avia-section av-7g2soc-7b6c34a7ce35cc668431daa0a744bfe2 main_color avia-section-default avia-no-shadow  avia-builder-el-0  el_before_av_section  avia-builder-el-first  avia-full-stretch av-parallax-section avia-bg-style-parallax container_wrap sidebar_right'  data-section-bg-repeat='stretch'><div class='av-parallax' data-avia-parallax-ratio='0.3' ><div class='av-parallax-inner main_color avia-full-stretch'><\/div><\/div><div class='container av-section-cont-open' ><main  role=\"main\" itemprop=\"mainContentOfPage\"  class='template-page content  av-content-small alpha units'><div class='post-entry post-entry-type-page post-entry-7564'><div class='entry-content-wrapper clearfix'>\n\n<style type=\"text\/css\" data-created_by=\"avia_inline_auto\" id=\"style-css-av-jtokc-62809169f1195c80178747cead3c0585\">\n#top .av-special-heading.av-jtokc-62809169f1195c80178747cead3c0585{\npadding-bottom:0;\ncolor:#ffffff;\nfont-size:60px;\n}\nbody .av-special-heading.av-jtokc-62809169f1195c80178747cead3c0585 .av-special-heading-tag .heading-char{\nfont-size:25px;\n}\n#top #wrap_all .av-special-heading.av-jtokc-62809169f1195c80178747cead3c0585 .av-special-heading-tag{\nfont-size:60px;\n}\n.av-special-heading.av-jtokc-62809169f1195c80178747cead3c0585 .special-heading-inner-border{\nborder-color:#ffffff;\n}\n.av-special-heading.av-jtokc-62809169f1195c80178747cead3c0585 .av-subheading{\nfont-size:18px;\n}\n\n@media only screen and (min-width: 480px) and (max-width: 767px){ \n#top #wrap_all .av-special-heading.av-jtokc-62809169f1195c80178747cead3c0585 .av-special-heading-tag{\nfont-size:0.8em;\n}\n}\n\n@media only screen and (max-width: 479px){ \n#top #wrap_all .av-special-heading.av-jtokc-62809169f1195c80178747cead3c0585 .av-special-heading-tag{\nfont-size:0.8em;\n}\n}\n<\/style>\n<div  class='av-special-heading av-jtokc-62809169f1195c80178747cead3c0585 av-special-heading-h1 custom-color-heading blockquote modern-quote  avia-builder-el-1  avia-builder-el-no-sibling  av-thin-font av-inherit-size'><h1 class='av-special-heading-tag'  itemprop=\"headline\"  >Ullastret y su <strong>entorno<\/strong><\/h1><div class='av_custom_color av-subheading av-subheading_below'><p>Todo lo que hay en Ullastret y sus alrededores<\/p>\n<\/div><div class=\"special-heading-border\"><div class=\"special-heading-inner-border\"><\/div><\/div><\/div>\n\n<\/div><\/div><\/main><!-- close content main element --><\/div><\/div>\n<style type=\"text\/css\" data-created_by=\"avia_inline_auto\" id=\"style-css-av-eoxbw-7f51e22cd8a860b9bf7117b4ef207ed8\">\n.avia-section.av-eoxbw-7f51e22cd8a860b9bf7117b4ef207ed8{\nbackground-repeat:no-repeat;\nbackground-image:url(https:\/\/restaurantiberic.com\/wp-content\/uploads\/2014\/07\/fruit_bg.jpg);\nbackground-position:100% 100%;\nbackground-attachment:scroll;\n}\n<\/style>\n<div id='av_section_2'  class='avia-section av-eoxbw-7f51e22cd8a860b9bf7117b4ef207ed8 main_color avia-section-default avia-no-shadow  avia-builder-el-2  el_after_av_section  avia-builder-el-last  avia-bg-style-scroll container_wrap sidebar_right'  data-section-bg-repeat='no-repeat'><div class='container av-section-cont-open' ><div class='template-page content  av-content-small alpha units'><div class='post-entry post-entry-type-page post-entry-7564'><div class='entry-content-wrapper clearfix'>\n<section  class='av_textblock_section av-27p15o-77bc51043e9994dd86832912fd349d1d '   itemscope=\"itemscope\" itemtype=\"https:\/\/schema.org\/CreativeWork\" ><div class='avia_textblock'  itemprop=\"text\" ><p><a href=\"https:\/\/restaurantiberic.com\/wp-content\/uploads\/2015\/06\/Aerea-Ullastret-Ib\u00e8ric.jpg\"><img loading=\"lazy\" decoding=\"async\" class=\"alignright size-medium wp-image-457\" src=\"https:\/\/restaurantiberic.com\/wp-content\/uploads\/2015\/06\/Aerea-Ullastret-Ib\u00e8ric-300x178.jpg\" alt=\"Aerea-Ullastret-Ib\u00e8ric\" width=\"300\" height=\"178\" srcset=\"https:\/\/restaurantiberic.com\/wp-content\/uploads\/2015\/06\/Aerea-Ullastret-Ib\u00e8ric-300x178.jpg 300w, https:\/\/restaurantiberic.com\/wp-content\/uploads\/2015\/06\/Aerea-Ullastret-Ib\u00e8ric.jpg 430w\" sizes=\"auto, (max-width: 300px) 100vw, 300px\" \/><\/a>Ullastret est\u00e1 sobre una suave elevaci\u00f3n, en medio de una l\u00ednea imaginaria que une La Bisbal d&#8217;Empord\u00e0 y Torroella de Montgr\u00ed, en la orilla derecha del r\u00edo Dar\u00f3. Se edific\u00f3 con una estructura medieval y las murallas, muy bien conservadas, rodean un n\u00facleo de calles estrechas. Ante la parte norte de la muralla se conserva una lonja o plaza g\u00f3tica cubierta con vigas de madera sostenidas por dos arcos apuntados. La iglesia rom\u00e1nica de San Pere de Ullastret data del a\u00f1o 899 y el templo basilical, de tres naves y tres \u00e1bsides, es de los siglos X-XI.<\/p>\n<p>En un cerro muy cercano, a menos de dos kil\u00f3metros, en Sant Andreu, est\u00e1 el poblado fortificado de Ullastret, un importante yacimiento ib\u00e9rico del siglo VII aC. Ullastret era uno de los poblados ib\u00e9ricos m\u00e1s importantes de Catalunya y los \u00edberos construyeron un gran recinto amurallado y establecieron una cultura propia los vestigios de la cual se pueden ver en el Museo de Arqueolog\u00eda de Ullastret, en el poblado ib\u00e9rico.<\/p>\n<p><a href=\"https:\/\/restaurantiberic.com\/wp-content\/uploads\/2015\/06\/Temple-rom\u00e0nic-Ullastret-Ib.jpg\"><img loading=\"lazy\" decoding=\"async\" class=\"alignleft size-medium wp-image-458\" src=\"https:\/\/restaurantiberic.com\/wp-content\/uploads\/2015\/06\/Temple-rom\u00e0nic-Ullastret-Ib-300x200.jpg\" alt=\"Temple-rom\u00e0nic-Ullastret-Ib\" width=\"300\" height=\"200\" srcset=\"https:\/\/restaurantiberic.com\/wp-content\/uploads\/2015\/06\/Temple-rom\u00e0nic-Ullastret-Ib-300x200.jpg 300w, https:\/\/restaurantiberic.com\/wp-content\/uploads\/2015\/06\/Temple-rom\u00e0nic-Ullastret-Ib-845x566.jpg 845w, https:\/\/restaurantiberic.com\/wp-content\/uploads\/2015\/06\/Temple-rom\u00e0nic-Ullastret-Ib-705x469.jpg 705w, https:\/\/restaurantiberic.com\/wp-content\/uploads\/2015\/06\/Temple-rom\u00e0nic-Ullastret-Ib-450x300.jpg 450w, https:\/\/restaurantiberic.com\/wp-content\/uploads\/2015\/06\/Temple-rom\u00e0nic-Ullastret-Ib.jpg 850w\" sizes=\"auto, (max-width: 300px) 100vw, 300px\" \/><\/a>Desde Ullastret tiene una vista espectacular del Montgr\u00ed y de la llanura del Empord\u00e0 y est\u00e1\u00a0a pocos minutos en coche de Monells, de Begur, Pals, Peratallada, de la Bisbal y de Torroella y no muy lejos de lugares tan interesantes como Cadaqu\u00e9s, Figueres, P\u00fabol o Girona. Y en un entorno natural excepcional, junto al Parque Natural del Montgr\u00ed, las Illes Medes y el Baix Ter, la llanura del Empord\u00e0 y el macizo de las Gavarres, con todas las opciones de naturaleza, senderismo y mountain-bike que os pod\u00e1is imaginar.<\/p>\n<p>Est\u00e1is\u00a0muy cerca de las mejores playas y calas de la Costa Brava d\u00f3nde podr\u00e9is disfrutar de actividades n\u00e1uticas que van desde el submarinismo hasta la vela pasando por el kite-surf, paddle surf, snorkeling o la pesca deportiva. Igualmente, estamos cerca de algunos de los campos de golf m\u00e1s prestigiosos de nuestro pa\u00eds.<\/p>\n<p>Gastron\u00f3micamente tambi\u00e9n est\u00e1is en un para\u00edso, empezando por Ullastret mismo, donde podr\u00e9is encontrar los recuits (cuajadas) y los quesos de ca la Nuri, pero tambi\u00e9n cerca de los vi\u00f1edos de la DO Empord\u00e0 y de la multitud de productores locales y artesanos que nos dan algunos de los mejores productos de nuestra tierra, algunos de los cuales podr\u00e1 disfrutar en nuestra casa.<\/p>\n<\/div><\/section>\n<\/div><\/div><\/div><!-- close content main div --><\/div><\/div><div id='after_section_2'  class='main_color av_default_container_wrap container_wrap sidebar_right'  ><div class='container av-section-cont-open' ><div class='template-page content  av-content-small alpha units'><div class='post-entry post-entry-type-page post-entry-7564'><div class='entry-content-wrapper clearfix'>\n","protected":false},"excerpt":{"rendered":"","protected":false},"author":1,"featured_media":0,"parent":0,"menu_order":4,"comment_status":"closed","ping_status":"closed","template":"","meta":{"footnotes":""},"class_list":["post-7564","page","type-page","status-publish","hentry"],"yoast_head":"<!-- This site is optimized with the Yoast SEO plugin v26.7 - https:\/\/yoast.com\/wordpress\/plugins\/seo\/ -->\n<title>Ullastret y su entorno - Restaurant Ib\u00e8ric<\/title>\n<meta name=\"robots\" content=\"index, follow, max-snippet:-1, max-image-preview:large, max-video-preview:-1\" \/>\n<link rel=\"canonical\" href=\"https:\/\/restaurantiberic.com\/es\/ullastret-y-su-entorno\/\" \/>\n<meta property=\"og:locale\" content=\"es_ES\" \/>\n<meta property=\"og:type\" content=\"article\" \/>\n<meta property=\"og:title\" content=\"Ullastret y su entorno - Restaurant Ib\u00e8ric\" \/>\n<meta property=\"og:url\" content=\"https:\/\/restaurantiberic.com\/es\/ullastret-y-su-entorno\/\" \/>\n<meta property=\"og:site_name\" content=\"Restaurant Ib\u00e8ric\" \/>\n<meta property=\"article:modified_time\" content=\"2023-09-13T11:17:20+00:00\" \/>\n<meta property=\"og:image\" content=\"https:\/\/restaurantiberic.com\/wp-content\/uploads\/2015\/06\/Aerea-Ullastret-Ib\u00e8ric-300x178.jpg\" \/>\n<meta name=\"twitter:card\" content=\"summary_large_image\" \/>\n<meta name=\"twitter:label1\" content=\"Tiempo de lectura\" \/>\n\t<meta name=\"twitter:data1\" content=\"3 minutos\" \/>\n<script type=\"application\/ld+json\" class=\"yoast-schema-graph\">{\"@context\":\"https:\/\/schema.org\",\"@graph\":[{\"@type\":\"WebPage\",\"@id\":\"https:\/\/restaurantiberic.com\/es\/ullastret-y-su-entorno\/\",\"url\":\"https:\/\/restaurantiberic.com\/es\/ullastret-y-su-entorno\/\",\"name\":\"Ullastret y su entorno - Restaurant Ib\u00e8ric\",\"isPartOf\":{\"@id\":\"https:\/\/restaurantiberic.com\/es\/#website\"},\"datePublished\":\"2015-09-01T23:14:34+00:00\",\"dateModified\":\"2023-09-13T11:17:20+00:00\",\"breadcrumb\":{\"@id\":\"https:\/\/restaurantiberic.com\/es\/ullastret-y-su-entorno\/#breadcrumb\"},\"inLanguage\":\"es\",\"potentialAction\":[{\"@type\":\"ReadAction\",\"target\":[\"https:\/\/restaurantiberic.com\/es\/ullastret-y-su-entorno\/\"]}]},{\"@type\":\"BreadcrumbList\",\"@id\":\"https:\/\/restaurantiberic.com\/es\/ullastret-y-su-entorno\/#breadcrumb\",\"itemListElement\":[{\"@type\":\"ListItem\",\"position\":1,\"name\":\"Inici\",\"item\":\"https:\/\/restaurantiberic.com\/es\/\"},{\"@type\":\"ListItem\",\"position\":2,\"name\":\"Ullastret y su entorno\"}]},{\"@type\":\"WebSite\",\"@id\":\"https:\/\/restaurantiberic.com\/es\/#website\",\"url\":\"https:\/\/restaurantiberic.com\/es\/\",\"name\":\"Restaurant Ib\u00e8ric\",\"description\":\"\",\"potentialAction\":[{\"@type\":\"SearchAction\",\"target\":{\"@type\":\"EntryPoint\",\"urlTemplate\":\"https:\/\/restaurantiberic.com\/es\/?s={search_term_string}\"},\"query-input\":{\"@type\":\"PropertyValueSpecification\",\"valueRequired\":true,\"valueName\":\"search_term_string\"}}],\"inLanguage\":\"es\"}]}<\/script>\n<!-- \/ Yoast SEO plugin. -->","yoast_head_json":{"title":"Ullastret y su entorno - Restaurant Ib\u00e8ric","robots":{"index":"index","follow":"follow","max-snippet":"max-snippet:-1","max-image-preview":"max-image-preview:large","max-video-preview":"max-video-preview:-1"},"canonical":"https:\/\/restaurantiberic.com\/es\/ullastret-y-su-entorno\/","og_locale":"es_ES","og_type":"article","og_title":"Ullastret y su entorno - Restaurant Ib\u00e8ric","og_url":"https:\/\/restaurantiberic.com\/es\/ullastret-y-su-entorno\/","og_site_name":"Restaurant Ib\u00e8ric","article_modified_time":"2023-09-13T11:17:20+00:00","og_image":[{"url":"https:\/\/restaurantiberic.com\/wp-content\/uploads\/2015\/06\/Aerea-Ullastret-Ib\u00e8ric-300x178.jpg","type":"","width":"","height":""}],"twitter_card":"summary_large_image","twitter_misc":{"Tiempo de lectura":"3 minutos"},"schema":{"@context":"https:\/\/schema.org","@graph":[{"@type":"WebPage","@id":"https:\/\/restaurantiberic.com\/es\/ullastret-y-su-entorno\/","url":"https:\/\/restaurantiberic.com\/es\/ullastret-y-su-entorno\/","name":"Ullastret y su entorno - Restaurant Ib\u00e8ric","isPartOf":{"@id":"https:\/\/restaurantiberic.com\/es\/#website"},"datePublished":"2015-09-01T23:14:34+00:00","dateModified":"2023-09-13T11:17:20+00:00","breadcrumb":{"@id":"https:\/\/restaurantiberic.com\/es\/ullastret-y-su-entorno\/#breadcrumb"},"inLanguage":"es","potentialAction":[{"@type":"ReadAction","target":["https:\/\/restaurantiberic.com\/es\/ullastret-y-su-entorno\/"]}]},{"@type":"BreadcrumbList","@id":"https:\/\/restaurantiberic.com\/es\/ullastret-y-su-entorno\/#breadcrumb","itemListElement":[{"@type":"ListItem","position":1,"name":"Inici","item":"https:\/\/restaurantiberic.com\/es\/"},{"@type":"ListItem","position":2,"name":"Ullastret y su entorno"}]},{"@type":"WebSite","@id":"https:\/\/restaurantiberic.com\/es\/#website","url":"https:\/\/restaurantiberic.com\/es\/","name":"Restaurant Ib\u00e8ric","description":"","potentialAction":[{"@type":"SearchAction","target":{"@type":"EntryPoint","urlTemplate":"https:\/\/restaurantiberic.com\/es\/?s={search_term_string}"},"query-input":{"@type":"PropertyValueSpecification","valueRequired":true,"valueName":"search_term_string"}}],"inLanguage":"es"}]}},"_links":{"self":[{"href":"https:\/\/restaurantiberic.com\/es\/wp-json\/wp\/v2\/pages\/7564","targetHints":{"allow":["GET"]}}],"collection":[{"href":"https:\/\/restaurantiberic.com\/es\/wp-json\/wp\/v2\/pages"}],"about":[{"href":"https:\/\/restaurantiberic.com\/es\/wp-json\/wp\/v2\/types\/page"}],"author":[{"embeddable":true,"href":"https:\/\/restaurantiberic.com\/es\/wp-json\/wp\/v2\/users\/1"}],"replies":[{"embeddable":true,"href":"https:\/\/restaurantiberic.com\/es\/wp-json\/wp\/v2\/comments?post=7564"}],"version-history":[{"count":2,"href":"https:\/\/restaurantiberic.com\/es\/wp-json\/wp\/v2\/pages\/7564\/revisions"}],"predecessor-version":[{"id":10383,"href":"https:\/\/restaurantiberic.com\/es\/wp-json\/wp\/v2\/pages\/7564\/revisions\/10383"}],"wp:attachment":[{"href":"https:\/\/restaurantiberic.com\/es\/wp-json\/wp\/v2\/media?parent=7564"}],"curies":[{"name":"wp","href":"https:\/\/api.w.org\/{rel}","templated":true}]}}