{"id":7559,"date":"2015-09-01T22:43:54","date_gmt":"2015-09-01T22:43:54","guid":{"rendered":"http:\/\/restaurantiberic.com\/?page_id=7559"},"modified":"2023-12-09T15:12:06","modified_gmt":"2023-12-09T15:12:06","slug":"en-ullastret","status":"publish","type":"page","link":"https:\/\/restaurantiberic.com\/es\/en-ullastret\/","title":{"rendered":"En Ullastret"},"content":{"rendered":"\n<style type=\"text\/css\" data-created_by=\"avia_inline_auto\" id=\"style-css-av-shx8vr-890cb774e414f84c6187f49304c1d6af\">\n.avia-section.av-shx8vr-890cb774e414f84c6187f49304c1d6af .av-parallax .av-parallax-inner{\nbackground-repeat:no-repeat;\nbackground-image:url(https:\/\/restaurantiberic.com\/wp-content\/uploads\/2014\/07\/On-trobar-nos-1310x430.jpg);\nbackground-position:50% 100%;\nbackground-attachment:scroll;\n}\n<\/style>\n<div id='av_section_1'  class='avia-section av-shx8vr-890cb774e414f84c6187f49304c1d6af main_color avia-section-default avia-no-shadow  avia-builder-el-0  el_before_av_section  avia-builder-el-first  avia-full-stretch av-parallax-section avia-bg-style-parallax container_wrap sidebar_right'  data-section-bg-repeat='stretch'><div class='av-parallax' data-avia-parallax-ratio='0.3' ><div class='av-parallax-inner main_color avia-full-stretch'><\/div><\/div><div class='container av-section-cont-open' ><main  role=\"main\" itemprop=\"mainContentOfPage\"  class='template-page content  av-content-small alpha units'><div class='post-entry post-entry-type-page post-entry-7559'><div class='entry-content-wrapper clearfix'>\n\n<style type=\"text\/css\" data-created_by=\"avia_inline_auto\" id=\"style-css-av-r8znuv-751f6ebfe4d052578b3439980b5eff2e\">\n#top .av-special-heading.av-r8znuv-751f6ebfe4d052578b3439980b5eff2e{\npadding-bottom:0;\ncolor:#ffffff;\nfont-size:60px;\n}\nbody .av-special-heading.av-r8znuv-751f6ebfe4d052578b3439980b5eff2e .av-special-heading-tag .heading-char{\nfont-size:25px;\n}\n#top #wrap_all .av-special-heading.av-r8znuv-751f6ebfe4d052578b3439980b5eff2e .av-special-heading-tag{\nfont-size:60px;\n}\n.av-special-heading.av-r8znuv-751f6ebfe4d052578b3439980b5eff2e .special-heading-inner-border{\nborder-color:#ffffff;\n}\n.av-special-heading.av-r8znuv-751f6ebfe4d052578b3439980b5eff2e .av-subheading{\nfont-size:18px;\n}\n\n@media only screen and (min-width: 480px) and (max-width: 767px){ \n#top #wrap_all .av-special-heading.av-r8znuv-751f6ebfe4d052578b3439980b5eff2e .av-special-heading-tag{\nfont-size:0.8em;\n}\n}\n\n@media only screen and (max-width: 479px){ \n#top #wrap_all .av-special-heading.av-r8znuv-751f6ebfe4d052578b3439980b5eff2e .av-special-heading-tag{\nfont-size:0.8em;\n}\n}\n<\/style>\n<div  class='av-special-heading av-r8znuv-751f6ebfe4d052578b3439980b5eff2e av-special-heading-h1 custom-color-heading blockquote modern-quote  avia-builder-el-1  avia-builder-el-no-sibling  av-thin-font av-inherit-size'><h1 class='av-special-heading-tag'  itemprop=\"headline\"  >D\u00f3nde <strong>encontrarnos<\/strong><\/h1><div class='av_custom_color av-subheading av-subheading_below'><p>Estamos en el coraz\u00f3n de Ullastret<\/p>\n<\/div><div class=\"special-heading-border\"><div class=\"special-heading-inner-border\"><\/div><\/div><\/div>\n\n<\/div><\/div><\/main><!-- close content main element --><\/div><\/div><div id='av_section_2'  class='avia-section av-oz7rx3-284558c967b17cad93bd72500035da03 alternate_color avia-section-default avia-no-shadow  avia-builder-el-2  el_after_av_section  avia-builder-el-last  avia-bg-style-scroll container_wrap sidebar_right'  ><div class='container av-section-cont-open' ><div class='template-page content  av-content-small alpha units'><div class='post-entry post-entry-type-page post-entry-7559'><div class='entry-content-wrapper clearfix'>\n\n<div  class='hr av-mxr3l3-89cb6a8cbcd7e412c87861a4a52cc1f4 hr-default  avia-builder-el-4  el_after_av_codeblock  el_before_av_one_half '><span class='hr-inner '><span class=\"hr-inner-style\"><\/span><\/span><\/div>\n<div  class='flex_column av-k1ryhz-4e6b4bc1c022e78eb3e251a7f8419811 av_one_half  avia-builder-el-5  el_after_av_hr  el_before_av_one_half  first flex_column_div  '     ><p>\n<style type=\"text\/css\" data-created_by=\"avia_inline_auto\" id=\"style-css-av-jew9pz-e4af8741d40cb01dd81c4091d3efcb7a\">\n#top .av-special-heading.av-jew9pz-e4af8741d40cb01dd81c4091d3efcb7a{\npadding-bottom:0;\n}\nbody .av-special-heading.av-jew9pz-e4af8741d40cb01dd81c4091d3efcb7a .av-special-heading-tag .heading-char{\nfont-size:25px;\n}\n.av-special-heading.av-jew9pz-e4af8741d40cb01dd81c4091d3efcb7a .av-subheading{\nfont-size:15px;\n}\n<\/style>\n<div  class='av-special-heading av-jew9pz-e4af8741d40cb01dd81c4091d3efcb7a av-special-heading-h1  avia-builder-el-6  el_before_av_textblock  avia-builder-el-first  av-thin-font'><h1 class='av-special-heading-tag'  itemprop=\"headline\"  >Mantente <strong>en contato<\/strong><\/h1><div class=\"special-heading-border\"><div class=\"special-heading-inner-border\"><\/div><\/div><\/div><br \/>\n<section  class='av_textblock_section av-h1jzvb-332b45af1fe32a3799c4f9aa07a1b702 '   itemscope=\"itemscope\" itemtype=\"https:\/\/schema.org\/CreativeWork\" ><div class='avia_textblock'  itemprop=\"text\" ><p><strong>Si quieres contactar por\u00a0tel\u00e9fono, llama al <a href=\"tel:972757108\">(972) 75 71 08<\/a>.\u00a0 Entre las 10 de la ma\u00f1ana y las 10 de la noche.<\/strong>. <b>Si tienes problemas para contactar en el fijo, prueba en el <a href=\"tel:685922725\">685922725<\/a><\/b><\/p>\n<p><strong>Tambi\u00e9n puedes contactar por correo electr\u00f3nico mediante el formulario que hay en esta p\u00e1gina.<\/strong><\/p>\n<\/div><\/section><br \/>\n\n<style type=\"text\/css\" data-created_by=\"avia_inline_auto\" id=\"style-css-av-gaxpev-b8a7a59996dcb879e9b1e5f0e6341f1d\">\n.avia-image-container.av-gaxpev-b8a7a59996dcb879e9b1e5f0e6341f1d img.avia_image{\nbox-shadow:none;\n}\n.avia-image-container.av-gaxpev-b8a7a59996dcb879e9b1e5f0e6341f1d .av-image-caption-overlay-center{\ncolor:#ffffff;\n}\n<\/style>\n<div  class='avia-image-container av-gaxpev-b8a7a59996dcb879e9b1e5f0e6341f1d av-styling- avia-align-center  avia-builder-el-8  el_after_av_textblock  avia-builder-el-last '   itemprop=\"image\" itemscope=\"itemscope\" itemtype=\"https:\/\/schema.org\/ImageObject\" ><div class=\"avia-image-container-inner\"><div class=\"avia-image-overlay-wrap\"><img decoding=\"async\" class='wp-image-10468 avia-img-lazy-loading-not-10468 avia_image ' src=\"https:\/\/restaurantiberic.com\/wp-content\/uploads\/2014\/07\/Contacte-Ib\u00e8ric-837x430.jpg\" alt='' title='Contacte-Ib\u00e8ric'  height=\"430\" width=\"837\"  itemprop=\"thumbnailUrl\"  \/><\/div><\/div><\/div><\/p><\/div>\n<style type=\"text\/css\" data-created_by=\"avia_inline_auto\" id=\"style-css-av-dzhdjr-c72173509bf9ea5d65315dc24ff151f1\">\n.flex_column.av-dzhdjr-c72173509bf9ea5d65315dc24ff151f1{\nborder-radius:0px 0px 0px 0px;\npadding:0px 0px 0px 0px;\n}\n<\/style>\n<div  class='flex_column av-dzhdjr-c72173509bf9ea5d65315dc24ff151f1 av_one_half  avia-builder-el-9  el_after_av_one_half  avia-builder-el-last  flex_column_div av-zero-column-padding  '     ><style type=\"text\/css\" data-created_by=\"avia_inline_auto\" id=\"style-css-av-clqto7-441a9eebf9ffb3760dd4e80fa5c14c33\">\n#top .av-special-heading.av-clqto7-441a9eebf9ffb3760dd4e80fa5c14c33{\npadding-bottom:10px;\n}\nbody .av-special-heading.av-clqto7-441a9eebf9ffb3760dd4e80fa5c14c33 .av-special-heading-tag .heading-char{\nfont-size:25px;\n}\n.av-special-heading.av-clqto7-441a9eebf9ffb3760dd4e80fa5c14c33 .av-subheading{\nfont-size:15px;\n}\n<\/style>\n<div  class='av-special-heading av-clqto7-441a9eebf9ffb3760dd4e80fa5c14c33 av-special-heading-h1  avia-builder-el-10  avia-builder-el-no-sibling  av-thin-font'><h1 class='av-special-heading-tag'  itemprop=\"headline\"  >Envi\u00e1nos un <strong>correo-e<\/strong><\/h1><div class=\"special-heading-border\"><div class=\"special-heading-inner-border\"><\/div><\/div><\/div><\/div><\/div><\/div><\/div><!-- close content main div --><\/div><\/div><div id='after_section_2'  class='main_color av_default_container_wrap container_wrap sidebar_right'  ><div class='container av-section-cont-open' ><div class='template-page content  av-content-small alpha units'><div class='post-entry post-entry-type-page post-entry-7559'><div class='entry-content-wrapper clearfix'>\n","protected":false},"excerpt":{"rendered":"","protected":false},"author":1,"featured_media":0,"parent":0,"menu_order":5,"comment_status":"open","ping_status":"closed","template":"","meta":{"footnotes":""},"class_list":["post-7559","page","type-page","status-publish","hentry"],"yoast_head":"<!-- This site is optimized with the Yoast SEO plugin v26.7 - https:\/\/yoast.com\/wordpress\/plugins\/seo\/ -->\n<title>En Ullastret - Restaurant Ib\u00e8ric<\/title>\n<meta name=\"robots\" content=\"index, follow, max-snippet:-1, max-image-preview:large, max-video-preview:-1\" \/>\n<link rel=\"canonical\" href=\"https:\/\/restaurantiberic.com\/es\/en-ullastret\/\" \/>\n<meta property=\"og:locale\" content=\"es_ES\" \/>\n<meta property=\"og:type\" content=\"article\" \/>\n<meta property=\"og:title\" content=\"En Ullastret - Restaurant Ib\u00e8ric\" \/>\n<meta property=\"og:url\" content=\"https:\/\/restaurantiberic.com\/es\/en-ullastret\/\" \/>\n<meta property=\"og:site_name\" content=\"Restaurant Ib\u00e8ric\" \/>\n<meta property=\"article:modified_time\" content=\"2023-12-09T15:12:06+00:00\" \/>\n<meta name=\"twitter:card\" content=\"summary_large_image\" \/>\n<meta name=\"twitter:label1\" content=\"Tiempo de lectura\" \/>\n\t<meta name=\"twitter:data1\" content=\"3 minutos\" \/>\n<script type=\"application\/ld+json\" class=\"yoast-schema-graph\">{\"@context\":\"https:\/\/schema.org\",\"@graph\":[{\"@type\":\"WebPage\",\"@id\":\"https:\/\/restaurantiberic.com\/es\/en-ullastret\/\",\"url\":\"https:\/\/restaurantiberic.com\/es\/en-ullastret\/\",\"name\":\"En Ullastret - Restaurant Ib\u00e8ric\",\"isPartOf\":{\"@id\":\"https:\/\/restaurantiberic.com\/es\/#website\"},\"datePublished\":\"2015-09-01T22:43:54+00:00\",\"dateModified\":\"2023-12-09T15:12:06+00:00\",\"breadcrumb\":{\"@id\":\"https:\/\/restaurantiberic.com\/es\/en-ullastret\/#breadcrumb\"},\"inLanguage\":\"es\",\"potentialAction\":[{\"@type\":\"ReadAction\",\"target\":[\"https:\/\/restaurantiberic.com\/es\/en-ullastret\/\"]}]},{\"@type\":\"BreadcrumbList\",\"@id\":\"https:\/\/restaurantiberic.com\/es\/en-ullastret\/#breadcrumb\",\"itemListElement\":[{\"@type\":\"ListItem\",\"position\":1,\"name\":\"Inici\",\"item\":\"https:\/\/restaurantiberic.com\/es\/\"},{\"@type\":\"ListItem\",\"position\":2,\"name\":\"En Ullastret\"}]},{\"@type\":\"WebSite\",\"@id\":\"https:\/\/restaurantiberic.com\/es\/#website\",\"url\":\"https:\/\/restaurantiberic.com\/es\/\",\"name\":\"Restaurant Ib\u00e8ric\",\"description\":\"\",\"potentialAction\":[{\"@type\":\"SearchAction\",\"target\":{\"@type\":\"EntryPoint\",\"urlTemplate\":\"https:\/\/restaurantiberic.com\/es\/?s={search_term_string}\"},\"query-input\":{\"@type\":\"PropertyValueSpecification\",\"valueRequired\":true,\"valueName\":\"search_term_string\"}}],\"inLanguage\":\"es\"}]}<\/script>\n<!-- \/ Yoast SEO plugin. -->","yoast_head_json":{"title":"En Ullastret - Restaurant Ib\u00e8ric","robots":{"index":"index","follow":"follow","max-snippet":"max-snippet:-1","max-image-preview":"max-image-preview:large","max-video-preview":"max-video-preview:-1"},"canonical":"https:\/\/restaurantiberic.com\/es\/en-ullastret\/","og_locale":"es_ES","og_type":"article","og_title":"En Ullastret - Restaurant Ib\u00e8ric","og_url":"https:\/\/restaurantiberic.com\/es\/en-ullastret\/","og_site_name":"Restaurant Ib\u00e8ric","article_modified_time":"2023-12-09T15:12:06+00:00","twitter_card":"summary_large_image","twitter_misc":{"Tiempo de lectura":"3 minutos"},"schema":{"@context":"https:\/\/schema.org","@graph":[{"@type":"WebPage","@id":"https:\/\/restaurantiberic.com\/es\/en-ullastret\/","url":"https:\/\/restaurantiberic.com\/es\/en-ullastret\/","name":"En Ullastret - Restaurant Ib\u00e8ric","isPartOf":{"@id":"https:\/\/restaurantiberic.com\/es\/#website"},"datePublished":"2015-09-01T22:43:54+00:00","dateModified":"2023-12-09T15:12:06+00:00","breadcrumb":{"@id":"https:\/\/restaurantiberic.com\/es\/en-ullastret\/#breadcrumb"},"inLanguage":"es","potentialAction":[{"@type":"ReadAction","target":["https:\/\/restaurantiberic.com\/es\/en-ullastret\/"]}]},{"@type":"BreadcrumbList","@id":"https:\/\/restaurantiberic.com\/es\/en-ullastret\/#breadcrumb","itemListElement":[{"@type":"ListItem","position":1,"name":"Inici","item":"https:\/\/restaurantiberic.com\/es\/"},{"@type":"ListItem","position":2,"name":"En Ullastret"}]},{"@type":"WebSite","@id":"https:\/\/restaurantiberic.com\/es\/#website","url":"https:\/\/restaurantiberic.com\/es\/","name":"Restaurant Ib\u00e8ric","description":"","potentialAction":[{"@type":"SearchAction","target":{"@type":"EntryPoint","urlTemplate":"https:\/\/restaurantiberic.com\/es\/?s={search_term_string}"},"query-input":{"@type":"PropertyValueSpecification","valueRequired":true,"valueName":"search_term_string"}}],"inLanguage":"es"}]}},"_links":{"self":[{"href":"https:\/\/restaurantiberic.com\/es\/wp-json\/wp\/v2\/pages\/7559","targetHints":{"allow":["GET"]}}],"collection":[{"href":"https:\/\/restaurantiberic.com\/es\/wp-json\/wp\/v2\/pages"}],"about":[{"href":"https:\/\/restaurantiberic.com\/es\/wp-json\/wp\/v2\/types\/page"}],"author":[{"embeddable":true,"href":"https:\/\/restaurantiberic.com\/es\/wp-json\/wp\/v2\/users\/1"}],"replies":[{"embeddable":true,"href":"https:\/\/restaurantiberic.com\/es\/wp-json\/wp\/v2\/comments?post=7559"}],"version-history":[{"count":10,"href":"https:\/\/restaurantiberic.com\/es\/wp-json\/wp\/v2\/pages\/7559\/revisions"}],"predecessor-version":[{"id":11067,"href":"https:\/\/restaurantiberic.com\/es\/wp-json\/wp\/v2\/pages\/7559\/revisions\/11067"}],"wp:attachment":[{"href":"https:\/\/restaurantiberic.com\/es\/wp-json\/wp\/v2\/media?parent=7559"}],"curies":[{"name":"wp","href":"https:\/\/api.w.org\/{rel}","templated":true}]}}