{"id":11414,"date":"2025-01-28T17:23:01","date_gmt":"2025-01-28T17:23:01","guid":{"rendered":"https:\/\/restaurantiberic.com\/cheques-regalo\/"},"modified":"2026-01-14T14:38:39","modified_gmt":"2026-01-14T14:38:39","slug":"cheques-regalo","status":"publish","type":"page","link":"https:\/\/restaurantiberic.com\/es\/cheques-regalo\/","title":{"rendered":"Cheques regalo"},"content":{"rendered":"<div  class='flex_column av-1redgbd-7207bd957ebe3c35795eea112496088e av_one_fifth  avia-builder-el-0  el_before_av_three_fifth  avia-builder-el-first  first flex_column_div  '     ><\/div>\n<div  class='flex_column av-1rzorrt-955cb1be88b7ab6b2d1c3b2270b2fff0 av_three_fifth  avia-builder-el-1  el_after_av_one_fifth  el_before_av_one_fifth  flex_column_div  '     ><style type=\"text\/css\" data-created_by=\"avia_inline_auto\" id=\"style-css-av-m6f11a5a-6a686a77356043e18356c60c5f73d73e\">\n#top .av-special-heading.av-m6f11a5a-6a686a77356043e18356c60c5f73d73e{\npadding-bottom:10px;\n}\nbody .av-special-heading.av-m6f11a5a-6a686a77356043e18356c60c5f73d73e .av-special-heading-tag .heading-char{\nfont-size:25px;\n}\n.av-special-heading.av-m6f11a5a-6a686a77356043e18356c60c5f73d73e .av-subheading{\nfont-size:15px;\n}\n<\/style>\n<div  class='av-special-heading av-m6f11a5a-6a686a77356043e18356c60c5f73d73e av-special-heading-h2 blockquote modern-quote  avia-builder-el-2  avia-builder-el-no-sibling '><h2 class='av-special-heading-tag'  itemprop=\"headline\"  >Cheques regalo<\/h2><div class='av-subheading av-subheading_below'><p>Obsequia una experiencia gastron\u00f3mica ampurdanesa en el Restaurante Ib\u00e9rico<\/p>\n<\/div><div class=\"special-heading-border\"><div class=\"special-heading-inner-border\"><\/div><\/div><\/div><\/div>\n<div  class='flex_column av-7njnjt-fe5adab9890a850996c57f0ef83f70bf av_one_fifth  avia-builder-el-3  el_after_av_three_fifth  el_before_av_hr  flex_column_div  '     ><\/div>\n\n<style type=\"text\/css\" data-created_by=\"avia_inline_auto\" id=\"style-css-av-pwjhll-dfaf09a6a2dbb85bf19f4e9f875da17b\">\n#top .hr.hr-invisible.av-pwjhll-dfaf09a6a2dbb85bf19f4e9f875da17b{\nheight:50px;\n}\n<\/style>\n<div  class='hr av-pwjhll-dfaf09a6a2dbb85bf19f4e9f875da17b hr-invisible  avia-builder-el-4  el_after_av_one_fifth  el_before_av_one_fifth '><span class='hr-inner '><span class=\"hr-inner-style\"><\/span><\/span><\/div>\n<div  class='flex_column av-1212ic9-306ab3b50b1d91b16d56ccb7b035cb5a av_one_fifth  avia-builder-el-5  el_after_av_hr  el_before_av_three_fifth  first flex_column_div  '     ><\/div>\n<div  class='flex_column av-v200jd-802bda7cf462ecf0dce0ac65de36a7fc av_three_fifth  avia-builder-el-6  el_after_av_one_fifth  el_before_av_one_fifth  flex_column_div  '     ><p>\n<style type=\"text\/css\" data-created_by=\"avia_inline_auto\" id=\"style-css-av-m6f1ds00-d9ef7e91df3d8c484b1f150cc0c5cbd3\">\n#top .av-special-heading.av-m6f1ds00-d9ef7e91df3d8c484b1f150cc0c5cbd3{\npadding-bottom:10px;\n}\nbody .av-special-heading.av-m6f1ds00-d9ef7e91df3d8c484b1f150cc0c5cbd3 .av-special-heading-tag .heading-char{\nfont-size:25px;\n}\n.av-special-heading.av-m6f1ds00-d9ef7e91df3d8c484b1f150cc0c5cbd3 .av-subheading{\nfont-size:15px;\n}\n<\/style>\n<div  class='av-special-heading av-m6f1ds00-d9ef7e91df3d8c484b1f150cc0c5cbd3 av-special-heading-h3 blockquote modern-quote  avia-builder-el-7  el_before_av_catalogue  avia-builder-el-first '><h3 class='av-special-heading-tag'  itemprop=\"headline\"  >MENU RUTA 2026<\/h3><div class=\"special-heading-border\"><div class=\"special-heading-inner-border\"><\/div><\/div><\/div><br \/>\n<div  class='av-catalogue-container av-m6f6vgbz-b4f36e1858c0474e806e7532037c9800  avia-builder-el-8  el_after_av_heading  el_before_av_contact '><ul class='av-catalogue-list'>\n<li><div class='av-catalogue-item av-m6f1jk7q-3ec4bcddb76c17e17e6f0d3a60202c2c' ><div class=\"av-catalogue-item-inner\"><div class=\"av-catalogue-title-container\"><div class='av-catalogue-title'><\/div><div class='av-catalogue-price'><\/div><\/div><div class=\"av-catalogue-content\">\n<h5 style=\"text-align: center;\">ENTRANTES PARA COMPARTIR<\/h5>\n<p style=\"text-align: center;\"><strong>PULPO DE ROCA<\/strong><\/p>\n<p style=\"text-align: center;\"><strong>CIGALAS DE PALAM\u00d3S AL HORNO<\/strong><\/p>\n<h5 style=\"text-align: center;\">PRINCIPAL<\/h5>\n<p style=\"text-align: center;\"><strong>FIDEOS A LA CAZUELA CON BOGAVANTE<\/strong><\/p>\n<h5 style=\"text-align: center;\">POSTRE DEL D\u00cdA<\/h5>\n<p style=\"text-align: center;\">&amp;<\/p>\n<p style=\"text-align: center;\"><strong>Una botella para cada 2 personas<\/strong><\/p>\n<p style=\"text-align: center;\"><strong>Caf\u00e9 y agua<\/strong><\/p>\n<h5 style=\"text-align: center;\"><strong>58,5 \u20ac por persona<\/strong><\/h5>\n<h5 style=\"text-align: center;\"><strong>(para 2 personas)<\/strong><\/h5>\n<\/div><\/div><\/div><\/li>\n<li><div class='av-catalogue-item av-m6f6q6qq-4196b8bab7b0fff8f7002a61f739abc0' ><div class=\"av-catalogue-item-inner\"><div class=\"av-catalogue-title-container\"><div class='av-catalogue-title'><\/div><div class='av-catalogue-price'><\/div><\/div><div class=\"av-catalogue-content\"><\/div><\/div><\/div><\/li>\n<li><div class='av-catalogue-item av-m6f6ugfe-47ee47df02ea5f5fb6164282b55eec6d' ><div class=\"av-catalogue-item-inner\"><div class=\"av-catalogue-title-container\"><div class='av-catalogue-title'><\/div><div class='av-catalogue-price'><\/div><\/div><div class=\"av-catalogue-content\"><\/div><\/div><\/div><\/li>\n<\/ul><\/div><br \/>\n<form action=\"https:\/\/restaurantiberic.com\/es\/cheques-regalo\/\" method=\"post\" data-fields-with-error=\"Found errors in the following field(s):\" class=\"avia_ajax_form av-form-labels-visible   avia-builder-el-9  el_after_av_catalogue  avia-builder-el-last   \" data-avia-form-id=\"1\" data-avia-redirect='' ><h3 class=''>QUIERO UN VALE REGALO RUTA 2025<\/h3><fieldset><p class='  first_form  form_element form_fullwidth' id='element_avia_1_1'><label for=\"avia_1_1\">Nombre de qui\u00e9n hace el encargo <abbr class=\"required\" title=\"requerido\">*<\/abbr><\/label> <input name=\"avia_1_1\" class=\"text_input is_empty\" type=\"text\" id=\"avia_1_1\" value=\"\" \/><\/p><p class='  first_form  form_element form_fullwidth' id='element_avia_2_1'><label for=\"avia_2_1\">Correo-e <abbr class=\"required\" title=\"requerido\">*<\/abbr><\/label> <input name=\"avia_2_1\" class=\"text_input is_email\" type=\"text\" id=\"avia_2_1\" value=\"\" \/><\/p><p class='  first_form  form_element form_fullwidth' id='element_avia_3_1'><label for=\"avia_3_1\">N\u00famero de tel\u00e9fono para contactar en relaci\u00f3n a su compra <abbr class=\"required\" title=\"requerido\">*<\/abbr><\/label> <input name=\"avia_3_1\" class=\"text_input is_phone\" type=\"text\" id=\"avia_3_1\" value=\"\" \/><\/p><p class='  first_form  form_element form_fullwidth' id='element_avia_4_1'><label for=\"avia_4_1\">QUIERO COMPRAR UN VALE REGALO RUTA 2026 PARA DOS PERSONAS<\/label> <input name=\"avia_4_1\" class=\"text_input \" type=\"text\" id=\"avia_4_1\" value=\"\" \/><\/p><p class='  first_form  form_element form_fullwidth' id='element_avia_5_1'><label for=\"avia_5_1\" class=\"textare_label hidden textare_label_avia_5_1\">Dinos el nombre de la persona o personas (M\u00e1ximo, 2) que deben recibir el regalo, el correo al que debemos enviarlo y cualquier otra informaci\u00f3n que consideres relevante. <abbr class=\"required\" title=\"requerido\">*<\/abbr><\/label><textarea  name=\"avia_5_1\" class=\"text_area is_empty\" cols=\"40\" rows=\"7\" id=\"avia_5_1\" ><\/textarea><\/p><p class=\"hidden\"><input type=\"text\" name=\"avia_6_1\" class=\"hidden \" id=\"avia_6_1\" value=\"\" \/><\/p><p class='   form_element form_fullwidth' id='element_avia_7_1'><span class='value_verifier_label'>7 + 0 = ?<\/span><input name=\"avia_7_1_verifier\" type=\"hidden\" id=\"avia_7_1_verifier\" value=\"431163756\"\/><label for=\"avia_7_1\">Para mayor seguridad, responde la siguiente pregunta <abbr class=\"required\" title=\"requerido\">*<\/abbr><\/label><input name=\"avia_7_1\" class=\"text_input captcha\" type=\"text\" id=\"avia_7_1\" value=\"\"\/><\/p><p class=\"form_element \"><input type=\"hidden\" value=\"1\" name=\"avia_generated_form1\" \/><input type=\"submit\" value=\"Enviano tu petici\u00f3n\" class=\"button\"  data-sending-label=\"Enviando\"\/><\/p><\/fieldset><\/form><div id=\"ajaxresponse_1\" class=\"ajaxresponse ajaxresponse_1 hidden\"><\/div><\/p><\/div><div  class='flex_column av-4y90byx-790daf803925c88eef0a9e7260d27551 av_one_fifth  avia-builder-el-10  el_after_av_three_fifth  el_before_av_hr  flex_column_div  '     ><\/div><\/p>\n<div  class='hr av-74tt6ih-9fad28f16abdd53da0234c9d5ed8ef5d hr-default  avia-builder-el-11  el_after_av_one_fifth  el_before_av_one_fifth '><span class='hr-inner '><span class=\"hr-inner-style\"><\/span><\/span><\/div>\n<div  class='flex_column av-4hk9yl5-325116d4ee9097f795ac77dad08cb47f av_one_fifth  avia-builder-el-12  el_after_av_hr  el_before_av_three_fifth  first flex_column_div  '     ><\/div>\n<div  class='flex_column av-3sckhp5-a329fb918f9060a9dca3a17f66950025 av_three_fifth  avia-builder-el-13  el_after_av_one_fifth  el_before_av_one_fifth  flex_column_div  '     ><p>\n<style type=\"text\/css\" data-created_by=\"avia_inline_auto\" id=\"style-css-av-oxrrvd-2bfe5280082fb3376ff6b0c4190b824a\">\n#top .av-special-heading.av-oxrrvd-2bfe5280082fb3376ff6b0c4190b824a{\npadding-bottom:10px;\n}\nbody .av-special-heading.av-oxrrvd-2bfe5280082fb3376ff6b0c4190b824a .av-special-heading-tag .heading-char{\nfont-size:25px;\n}\n.av-special-heading.av-oxrrvd-2bfe5280082fb3376ff6b0c4190b824a .av-subheading{\nfont-size:15px;\n}\n<\/style>\n<div  class='av-special-heading av-oxrrvd-2bfe5280082fb3376ff6b0c4190b824a av-special-heading-h3 blockquote modern-quote  avia-builder-el-14  el_before_av_catalogue  avia-builder-el-first '><h3 class='av-special-heading-tag'  itemprop=\"headline\"  >MEN\u00da UN TASTET DE L\u2019IB\u00c8RIC<\/h3><div class=\"special-heading-border\"><div class=\"special-heading-inner-border\"><\/div><\/div><\/div><br \/>\n<div  class='av-catalogue-container av-m6gh7ftx-6b0686b6846012fb0abdffbf807d068c  avia-builder-el-15  el_after_av_heading  el_before_av_contact '><ul class='av-catalogue-list'>\n<li><div class='av-catalogue-item av-m6gh7ci8-fe7cb3a072ea7ffb49cdfe192a6662bd' ><div class=\"av-catalogue-item-inner\"><div class=\"av-catalogue-title-container\"><div class='av-catalogue-title'><\/div><div class='av-catalogue-price'><\/div><\/div><div class=\"av-catalogue-content\">\n<h5 style=\"text-align: center;\">Disfrute de una buena comida<\/h5>\n<h5 style=\"text-align: center;\">Escoja a su gusto<\/h5>\n<h5 style=\"text-align: center;\"><strong>65 \u20ac por persona<br \/>\n(para 2 personas)<br \/>\n<\/strong><\/h5>\n<\/div><\/div><\/div><\/li>\n<li><div class='av-catalogue-item av-3fqcwah-8bd42fb3fc519d5177d750c697e09c97' ><div class=\"av-catalogue-item-inner\"><div class=\"av-catalogue-title-container\"><div class='av-catalogue-title'><\/div><div class='av-catalogue-price'><\/div><\/div><div class=\"av-catalogue-content\"><\/div><\/div><\/div><\/li>\n<li><div class='av-catalogue-item av-33cyimx-15ad0037dcd09784bf4063853d44c2eb' ><div class=\"av-catalogue-item-inner\"><div class=\"av-catalogue-title-container\"><div class='av-catalogue-title'><\/div><div class='av-catalogue-price'><\/div><\/div><div class=\"av-catalogue-content\"><\/div><\/div><\/div><\/li>\n<\/ul><\/div><br \/>\n<form action=\"https:\/\/restaurantiberic.com\/es\/cheques-regalo\/\" method=\"post\" data-fields-with-error=\"Found errors in the following field(s):\" class=\"avia_ajax_form av-form-labels-visible   avia-builder-el-16  el_after_av_catalogue  avia-builder-el-last   \" data-avia-form-id=\"2\" data-avia-redirect='' ><h3 class=''>Cont\u00e1ctanos<\/h3><fieldset><p class='  first_form  form_element form_fullwidth' id='element_avia_1_2'><label for=\"avia_1_2\">Nombre de qui\u00e9n hace el encargo <abbr class=\"required\" title=\"requerido\">*<\/abbr><\/label> <input name=\"avia_1_2\" class=\"text_input is_empty\" type=\"text\" id=\"avia_1_2\" value=\"\" \/><\/p><p class='  first_form  form_element form_fullwidth' id='element_avia_2_2'><label for=\"avia_2_2\">Correo-e <abbr class=\"required\" title=\"requerido\">*<\/abbr><\/label> <input name=\"avia_2_2\" class=\"text_input is_email\" type=\"text\" id=\"avia_2_2\" value=\"\" \/><\/p><p class='  first_form  form_element form_fullwidth' id='element_avia_3_2'><label for=\"avia_3_2\">N\u00famero de tel\u00e9fono para contactar en relaci\u00f3n a su compra <abbr class=\"required\" title=\"requerido\">*<\/abbr><\/label> <input name=\"avia_3_2\" class=\"text_input is_phone\" type=\"text\" id=\"avia_3_2\" value=\"\" \/><\/p><p class='  first_form  form_element form_fullwidth' id='element_avia_4_2'><label for=\"avia_4_2\"><\/label> <input name=\"avia_4_2\" class=\"text_input \" type=\"text\" id=\"avia_4_2\" value=\"\" \/><\/p><p class='  first_form  form_element form_fullwidth' id='element_avia_5_2'><label for=\"avia_5_2\" class=\"textare_label hidden textare_label_avia_5_2\">Dinos el nombre de la persona o personas (M\u00e1ximo, 2) que deben recibir el regalo, el correo al que debemos enviarlo y cualquier otra informaci\u00f3n que consideres relevante. <abbr class=\"required\" title=\"requerido\">*<\/abbr><\/label><textarea  name=\"avia_5_2\" class=\"text_area is_empty\" cols=\"40\" rows=\"7\" id=\"avia_5_2\" ><\/textarea><\/p><p class=\"hidden\"><input type=\"text\" name=\"avia_6_2\" class=\"hidden \" id=\"avia_6_2\" value=\"\" \/><\/p><p class='   form_element form_fullwidth' id='element_avia_7_2'><span class='value_verifier_label'>5 + 1 = ?<\/span><input name=\"avia_7_2_verifier\" type=\"hidden\" id=\"avia_7_2_verifier\" value=\"865346315\"\/><label for=\"avia_7_2\">Para mayor seguridad, responde la siguiente pregunta <abbr class=\"required\" title=\"requerido\">*<\/abbr><\/label><input name=\"avia_7_2\" class=\"text_input captcha\" type=\"text\" id=\"avia_7_2\" value=\"\"\/><\/p><p class=\"form_element \"><input type=\"hidden\" value=\"1\" name=\"avia_generated_form2\" \/><input type=\"submit\" value=\"Enviano tu petici\u00f3n\" class=\"button\"  data-sending-label=\"Enviando\"\/><\/p><\/fieldset><\/form><div id=\"ajaxresponse_2\" class=\"ajaxresponse ajaxresponse_2 hidden\"><\/div><\/p><\/div>\n<div  class='flex_column av-1cjfha1-fce997fb0088e8ce91fbbaf0036d26ea av_one_fifth  avia-builder-el-17  el_after_av_three_fifth  el_before_av_hr  flex_column_div  '     ><\/div>\n<div  class='hr av-6k9tiqh-bcce71148fee03c58382d6f8cf575219 hr-default  avia-builder-el-18  el_after_av_one_fifth  el_before_av_one_fifth '><span class='hr-inner '><span class=\"hr-inner-style\"><\/span><\/span><\/div>\n<div  class='flex_column av-6cli8vt-86f6f17afc98be5bf91e50b12d231b4a av_one_fifth  avia-builder-el-19  el_after_av_hr  el_before_av_three_fifth  first flex_column_div  '     ><\/div>\n<div  class='flex_column av-5tfna8p-cd535495b3c86e0e4bba806e018c0b54 av_three_fifth  avia-builder-el-20  el_after_av_one_fifth  el_before_av_one_fifth  flex_column_div  '     ><p>\n<style type=\"text\/css\" data-created_by=\"avia_inline_auto\" id=\"style-css-av-m6j7pwxw-5fe7a0ab2b98f204b51210d99dbc5c8b\">\n#top .av-special-heading.av-m6j7pwxw-5fe7a0ab2b98f204b51210d99dbc5c8b{\npadding-bottom:10px;\n}\nbody .av-special-heading.av-m6j7pwxw-5fe7a0ab2b98f204b51210d99dbc5c8b .av-special-heading-tag .heading-char{\nfont-size:25px;\n}\n.av-special-heading.av-m6j7pwxw-5fe7a0ab2b98f204b51210d99dbc5c8b .av-subheading{\nfont-size:15px;\n}\n<\/style>\n<div  class='av-special-heading av-m6j7pwxw-5fe7a0ab2b98f204b51210d99dbc5c8b av-special-heading-h3 blockquote modern-quote  avia-builder-el-21  el_before_av_catalogue  avia-builder-el-first '><h3 class='av-special-heading-tag'  itemprop=\"headline\"  >MEN\u00da \u2019UN BON TAST DE L\u2019IB\u00c8RIC\u2019<\/h3><div class=\"special-heading-border\"><div class=\"special-heading-inner-border\"><\/div><\/div><\/div><br \/>\n<div  class='av-catalogue-container av-5hqf3qx-56434e89d566695bddfa2a5caa1fee40  avia-builder-el-22  el_after_av_heading  el_before_av_contact '><ul class='av-catalogue-list'>\n<li><div class='av-catalogue-item av-4nxjznd-c2640755fb104230d801a1a825bc8e6b' ><div class=\"av-catalogue-item-inner\"><div class=\"av-catalogue-title-container\"><div class='av-catalogue-title'><\/div><div class='av-catalogue-price'><\/div><\/div><div class=\"av-catalogue-content\">\n<h5 style=\"text-align: center;\">Disfrute de una buena comida<\/h5>\n<h5 style=\"text-align: center;\">Escoja a su gusto<\/h5>\n<h5 style=\"text-align: center;\"><strong>85 \u20ac por persona<br \/>\n(para 2 personas)<br \/>\n<\/strong><\/h5>\n<\/div><\/div><\/div><\/li>\n<li><div class='av-catalogue-item av-4klafg9-bb7b224a1ebf1aee543d1ca50f6958bc' ><div class=\"av-catalogue-item-inner\"><div class=\"av-catalogue-title-container\"><div class='av-catalogue-title'><\/div><div class='av-catalogue-price'><\/div><\/div><div class=\"av-catalogue-content\"><\/div><\/div><\/div><\/li>\n<li><div class='av-catalogue-item av-40ig1w9-9c99197ec26c91e2218af4e5803777c2' ><div class=\"av-catalogue-item-inner\"><div class=\"av-catalogue-title-container\"><div class='av-catalogue-title'><\/div><div class='av-catalogue-price'><\/div><\/div><div class=\"av-catalogue-content\"><\/div><\/div><\/div><\/li>\n<\/ul><\/div><br \/>\n<form action=\"https:\/\/restaurantiberic.com\/es\/cheques-regalo\/\" method=\"post\" data-fields-with-error=\"Found errors in the following field(s):\" class=\"avia_ajax_form av-form-labels-visible   avia-builder-el-23  el_after_av_catalogue  avia-builder-el-last   \" data-avia-form-id=\"3\" data-avia-redirect='' ><h3 class=''>Cont\u00e1ctanos<\/h3><fieldset><p class='  first_form  form_element form_fullwidth' id='element_avia_1_3'><label for=\"avia_1_3\">Nombre de qui\u00e9n hace el encargo <abbr class=\"required\" title=\"requerido\">*<\/abbr><\/label> <input name=\"avia_1_3\" class=\"text_input is_empty\" type=\"text\" id=\"avia_1_3\" value=\"\" \/><\/p><p class='  first_form  form_element form_fullwidth' id='element_avia_2_3'><label for=\"avia_2_3\">Correo-e <abbr class=\"required\" title=\"requerido\">*<\/abbr><\/label> <input name=\"avia_2_3\" class=\"text_input is_email\" type=\"text\" id=\"avia_2_3\" value=\"\" \/><\/p><p class='  first_form  form_element form_fullwidth' id='element_avia_3_3'><label for=\"avia_3_3\">N\u00famero de tel\u00e9fono para contactar en relaci\u00f3n a su compra <abbr class=\"required\" title=\"requerido\">*<\/abbr><\/label> <input name=\"avia_3_3\" class=\"text_input is_phone\" type=\"text\" id=\"avia_3_3\" value=\"\" \/><\/p><p class='  first_form  form_element form_fullwidth' id='element_avia_4_3'><label for=\"avia_4_3\"><\/label> <input name=\"avia_4_3\" class=\"text_input \" type=\"text\" id=\"avia_4_3\" value=\"\" \/><\/p><p class='  first_form  form_element form_fullwidth' id='element_avia_5_3'><label for=\"avia_5_3\" class=\"textare_label hidden textare_label_avia_5_3\">Dinos el nombre de la persona o personas (M\u00e1ximo, 2) que deben recibir el regalo, el correo al que debemos enviarlo y cualquier otra informaci\u00f3n que consideres relevante. <abbr class=\"required\" title=\"requerido\">*<\/abbr><\/label><textarea  name=\"avia_5_3\" class=\"text_area is_empty\" cols=\"40\" rows=\"7\" id=\"avia_5_3\" ><\/textarea><\/p><p class=\"hidden\"><input type=\"text\" name=\"avia_6_3\" class=\"hidden \" id=\"avia_6_3\" value=\"\" \/><\/p><p class='   form_element form_fullwidth' id='element_avia_7_3'><span class='value_verifier_label'>2 + 2 = ?<\/span><input name=\"avia_7_3_verifier\" type=\"hidden\" id=\"avia_7_3_verifier\" value=\"725476426\"\/><label for=\"avia_7_3\">Para mayor seguridad, responde la siguiente pregunta <abbr class=\"required\" title=\"requerido\">*<\/abbr><\/label><input name=\"avia_7_3\" class=\"text_input captcha\" type=\"text\" id=\"avia_7_3\" value=\"\"\/><\/p><p class=\"form_element \"><input type=\"hidden\" value=\"1\" name=\"avia_generated_form3\" \/><input type=\"submit\" value=\"Enviano tu petici\u00f3n\" class=\"button\"  data-sending-label=\"Enviando\"\/><\/p><\/fieldset><\/form><div id=\"ajaxresponse_3\" class=\"ajaxresponse ajaxresponse_3 hidden\"><\/div><\/p><\/div>\n<div  class='flex_column av-1xyod5-0db3f21b080ce60b464f18ebc27df64f av_one_fifth  avia-builder-el-24  el_after_av_three_fifth  avia-builder-el-last  flex_column_div  '     ><\/div>\n","protected":false},"excerpt":{"rendered":"","protected":false},"author":1,"featured_media":0,"parent":0,"menu_order":0,"comment_status":"closed","ping_status":"closed","template":"","meta":{"footnotes":""},"class_list":["post-11414","page","type-page","status-publish","hentry"],"yoast_head":"<!-- This site is optimized with the Yoast SEO plugin v26.7 - https:\/\/yoast.com\/wordpress\/plugins\/seo\/ -->\n<title>Cheques regalo - Restaurant Ib\u00e8ric<\/title>\n<meta name=\"robots\" content=\"index, follow, max-snippet:-1, max-image-preview:large, max-video-preview:-1\" \/>\n<link rel=\"canonical\" href=\"https:\/\/restaurantiberic.com\/es\/cheques-regalo\/\" \/>\n<meta property=\"og:locale\" content=\"es_ES\" \/>\n<meta property=\"og:type\" content=\"article\" \/>\n<meta property=\"og:title\" content=\"Cheques regalo - Restaurant Ib\u00e8ric\" \/>\n<meta property=\"og:url\" content=\"https:\/\/restaurantiberic.com\/es\/cheques-regalo\/\" \/>\n<meta property=\"og:site_name\" content=\"Restaurant Ib\u00e8ric\" \/>\n<meta property=\"article:modified_time\" content=\"2026-01-14T14:38:39+00:00\" \/>\n<meta name=\"twitter:card\" content=\"summary_large_image\" \/>\n<meta name=\"twitter:label1\" content=\"Tiempo de lectura\" \/>\n\t<meta name=\"twitter:data1\" content=\"2 minutos\" \/>\n<script type=\"application\/ld+json\" class=\"yoast-schema-graph\">{\"@context\":\"https:\/\/schema.org\",\"@graph\":[{\"@type\":\"WebPage\",\"@id\":\"https:\/\/restaurantiberic.com\/es\/cheques-regalo\/\",\"url\":\"https:\/\/restaurantiberic.com\/es\/cheques-regalo\/\",\"name\":\"Cheques regalo - Restaurant Ib\u00e8ric\",\"isPartOf\":{\"@id\":\"https:\/\/restaurantiberic.com\/es\/#website\"},\"datePublished\":\"2025-01-28T17:23:01+00:00\",\"dateModified\":\"2026-01-14T14:38:39+00:00\",\"breadcrumb\":{\"@id\":\"https:\/\/restaurantiberic.com\/es\/cheques-regalo\/#breadcrumb\"},\"inLanguage\":\"es\",\"potentialAction\":[{\"@type\":\"ReadAction\",\"target\":[\"https:\/\/restaurantiberic.com\/es\/cheques-regalo\/\"]}]},{\"@type\":\"BreadcrumbList\",\"@id\":\"https:\/\/restaurantiberic.com\/es\/cheques-regalo\/#breadcrumb\",\"itemListElement\":[{\"@type\":\"ListItem\",\"position\":1,\"name\":\"Inici\",\"item\":\"https:\/\/restaurantiberic.com\/es\/\"},{\"@type\":\"ListItem\",\"position\":2,\"name\":\"Cheques regalo\"}]},{\"@type\":\"WebSite\",\"@id\":\"https:\/\/restaurantiberic.com\/es\/#website\",\"url\":\"https:\/\/restaurantiberic.com\/es\/\",\"name\":\"Restaurant Ib\u00e8ric\",\"description\":\"\",\"potentialAction\":[{\"@type\":\"SearchAction\",\"target\":{\"@type\":\"EntryPoint\",\"urlTemplate\":\"https:\/\/restaurantiberic.com\/es\/?s={search_term_string}\"},\"query-input\":{\"@type\":\"PropertyValueSpecification\",\"valueRequired\":true,\"valueName\":\"search_term_string\"}}],\"inLanguage\":\"es\"}]}<\/script>\n<!-- \/ Yoast SEO plugin. -->","yoast_head_json":{"title":"Cheques regalo - Restaurant Ib\u00e8ric","robots":{"index":"index","follow":"follow","max-snippet":"max-snippet:-1","max-image-preview":"max-image-preview:large","max-video-preview":"max-video-preview:-1"},"canonical":"https:\/\/restaurantiberic.com\/es\/cheques-regalo\/","og_locale":"es_ES","og_type":"article","og_title":"Cheques regalo - Restaurant Ib\u00e8ric","og_url":"https:\/\/restaurantiberic.com\/es\/cheques-regalo\/","og_site_name":"Restaurant Ib\u00e8ric","article_modified_time":"2026-01-14T14:38:39+00:00","twitter_card":"summary_large_image","twitter_misc":{"Tiempo de lectura":"2 minutos"},"schema":{"@context":"https:\/\/schema.org","@graph":[{"@type":"WebPage","@id":"https:\/\/restaurantiberic.com\/es\/cheques-regalo\/","url":"https:\/\/restaurantiberic.com\/es\/cheques-regalo\/","name":"Cheques regalo - Restaurant Ib\u00e8ric","isPartOf":{"@id":"https:\/\/restaurantiberic.com\/es\/#website"},"datePublished":"2025-01-28T17:23:01+00:00","dateModified":"2026-01-14T14:38:39+00:00","breadcrumb":{"@id":"https:\/\/restaurantiberic.com\/es\/cheques-regalo\/#breadcrumb"},"inLanguage":"es","potentialAction":[{"@type":"ReadAction","target":["https:\/\/restaurantiberic.com\/es\/cheques-regalo\/"]}]},{"@type":"BreadcrumbList","@id":"https:\/\/restaurantiberic.com\/es\/cheques-regalo\/#breadcrumb","itemListElement":[{"@type":"ListItem","position":1,"name":"Inici","item":"https:\/\/restaurantiberic.com\/es\/"},{"@type":"ListItem","position":2,"name":"Cheques regalo"}]},{"@type":"WebSite","@id":"https:\/\/restaurantiberic.com\/es\/#website","url":"https:\/\/restaurantiberic.com\/es\/","name":"Restaurant Ib\u00e8ric","description":"","potentialAction":[{"@type":"SearchAction","target":{"@type":"EntryPoint","urlTemplate":"https:\/\/restaurantiberic.com\/es\/?s={search_term_string}"},"query-input":{"@type":"PropertyValueSpecification","valueRequired":true,"valueName":"search_term_string"}}],"inLanguage":"es"}]}},"_links":{"self":[{"href":"https:\/\/restaurantiberic.com\/es\/wp-json\/wp\/v2\/pages\/11414","targetHints":{"allow":["GET"]}}],"collection":[{"href":"https:\/\/restaurantiberic.com\/es\/wp-json\/wp\/v2\/pages"}],"about":[{"href":"https:\/\/restaurantiberic.com\/es\/wp-json\/wp\/v2\/types\/page"}],"author":[{"embeddable":true,"href":"https:\/\/restaurantiberic.com\/es\/wp-json\/wp\/v2\/users\/1"}],"replies":[{"embeddable":true,"href":"https:\/\/restaurantiberic.com\/es\/wp-json\/wp\/v2\/comments?post=11414"}],"version-history":[{"count":31,"href":"https:\/\/restaurantiberic.com\/es\/wp-json\/wp\/v2\/pages\/11414\/revisions"}],"predecessor-version":[{"id":11719,"href":"https:\/\/restaurantiberic.com\/es\/wp-json\/wp\/v2\/pages\/11414\/revisions\/11719"}],"wp:attachment":[{"href":"https:\/\/restaurantiberic.com\/es\/wp-json\/wp\/v2\/media?parent=11414"}],"curies":[{"name":"wp","href":"https:\/\/api.w.org\/{rel}","templated":true}]}}