{"id":7578,"date":"2015-09-02T23:01:40","date_gmt":"2015-09-02T23:01:40","guid":{"rendered":"http:\/\/restaurantiberic.com\/?page_id=7578"},"modified":"2023-09-13T11:17:20","modified_gmt":"2023-09-13T11:17:20","slug":"ullastret-and-surrounding-area","status":"publish","type":"page","link":"https:\/\/restaurantiberic.com\/en\/ullastret-and-surrounding-area\/","title":{"rendered":"Ullastret and surrounding area"},"content":{"rendered":"\n<style type=\"text\/css\" data-created_by=\"avia_inline_auto\" id=\"style-css-av-86ug1m-a88a48207d160e0484da86de65398b0f\">\n.avia-section.av-86ug1m-a88a48207d160e0484da86de65398b0f .av-parallax .av-parallax-inner{\nbackground-repeat:no-repeat;\nbackground-image:url(https:\/\/restaurantiberic.com\/wp-content\/uploads\/2015\/06\/Entorn-Rest-Ullastret-1310x430.jpg);\nbackground-position:50% 100%;\nbackground-attachment:scroll;\n}\n<\/style>\n<div id='av_section_1'  class='avia-section av-86ug1m-a88a48207d160e0484da86de65398b0f main_color avia-section-default avia-no-shadow  avia-builder-el-0  el_before_av_section  avia-builder-el-first  avia-full-stretch av-parallax-section avia-bg-style-parallax container_wrap sidebar_right'  data-section-bg-repeat='stretch'><div class='av-parallax' data-avia-parallax-ratio='0.3' ><div class='av-parallax-inner main_color avia-full-stretch'><\/div><\/div><div class='container av-section-cont-open' ><main  role=\"main\" itemprop=\"mainContentOfPage\"  class='template-page content  av-content-small alpha units'><div class='post-entry post-entry-type-page post-entry-7578'><div class='entry-content-wrapper clearfix'>\n\n<style type=\"text\/css\" data-created_by=\"avia_inline_auto\" id=\"style-css-av-5ddr4q-d6d0dce3411fa793596bd8408c3e1002\">\n#top .av-special-heading.av-5ddr4q-d6d0dce3411fa793596bd8408c3e1002{\npadding-bottom:0;\ncolor:#ffffff;\nfont-size:60px;\n}\nbody .av-special-heading.av-5ddr4q-d6d0dce3411fa793596bd8408c3e1002 .av-special-heading-tag .heading-char{\nfont-size:25px;\n}\n#top #wrap_all .av-special-heading.av-5ddr4q-d6d0dce3411fa793596bd8408c3e1002 .av-special-heading-tag{\nfont-size:60px;\n}\n.av-special-heading.av-5ddr4q-d6d0dce3411fa793596bd8408c3e1002 .special-heading-inner-border{\nborder-color:#ffffff;\n}\n.av-special-heading.av-5ddr4q-d6d0dce3411fa793596bd8408c3e1002 .av-subheading{\nfont-size:18px;\n}\n\n@media only screen and (min-width: 480px) and (max-width: 767px){ \n#top #wrap_all .av-special-heading.av-5ddr4q-d6d0dce3411fa793596bd8408c3e1002 .av-special-heading-tag{\nfont-size:0.8em;\n}\n}\n\n@media only screen and (max-width: 479px){ \n#top #wrap_all .av-special-heading.av-5ddr4q-d6d0dce3411fa793596bd8408c3e1002 .av-special-heading-tag{\nfont-size:0.8em;\n}\n}\n<\/style>\n<div  class='av-special-heading av-5ddr4q-d6d0dce3411fa793596bd8408c3e1002 av-special-heading-h1 custom-color-heading blockquote modern-quote  avia-builder-el-1  avia-builder-el-no-sibling  av-thin-font av-inherit-size'><h1 class='av-special-heading-tag'  itemprop=\"headline\"  >Ullastret and its <strong>surroundings<\/strong><\/h1><div class='av_custom_color av-subheading av-subheading_below'><p>All you can see in and around Ullastret<\/p>\n<\/div><div class=\"special-heading-border\"><div class=\"special-heading-inner-border\"><\/div><\/div><\/div>\n\n<\/div><\/div><\/main><!-- close content main element --><\/div><\/div>\n<style type=\"text\/css\" data-created_by=\"avia_inline_auto\" id=\"style-css-av-4t0iiy-3beafd7d4ae9d79f12f7be44825549d4\">\n.avia-section.av-4t0iiy-3beafd7d4ae9d79f12f7be44825549d4{\nbackground-repeat:no-repeat;\nbackground-image:url(https:\/\/restaurantiberic.com\/wp-content\/uploads\/2014\/07\/fruit_bg.jpg);\nbackground-position:100% 100%;\nbackground-attachment:scroll;\n}\n<\/style>\n<div id='av_section_2'  class='avia-section av-4t0iiy-3beafd7d4ae9d79f12f7be44825549d4 main_color avia-section-default avia-no-shadow  avia-builder-el-2  el_after_av_section  avia-builder-el-last  avia-bg-style-scroll container_wrap sidebar_right'  data-section-bg-repeat='no-repeat'><div class='container av-section-cont-open' ><div class='template-page content  av-content-small alpha units'><div class='post-entry post-entry-type-page post-entry-7578'><div class='entry-content-wrapper clearfix'>\n<section  class='av_textblock_section av-ut8q-34fed163e335dfc715d539143d3d62cd '   itemscope=\"itemscope\" itemtype=\"https:\/\/schema.org\/CreativeWork\" ><div class='avia_textblock'  itemprop=\"text\" ><p><a href=\"https:\/\/restaurantiberic.com\/wp-content\/uploads\/2015\/06\/Aerea-Ullastret-Ib\u00e8ric.jpg\"><img loading=\"lazy\" decoding=\"async\" class=\"alignright size-medium wp-image-457\" src=\"https:\/\/restaurantiberic.com\/wp-content\/uploads\/2015\/06\/Aerea-Ullastret-Ib\u00e8ric-300x178.jpg\" alt=\"Aerea-Ullastret-Ib\u00e8ric\" width=\"300\" height=\"178\" srcset=\"https:\/\/restaurantiberic.com\/wp-content\/uploads\/2015\/06\/Aerea-Ullastret-Ib\u00e8ric-300x178.jpg 300w, https:\/\/restaurantiberic.com\/wp-content\/uploads\/2015\/06\/Aerea-Ullastret-Ib\u00e8ric.jpg 430w\" sizes=\"auto, (max-width: 300px) 100vw, 300px\" \/><\/a>Ullastret is located on a gentle elevation in the middle of an imaginary line that connects La Bisbal and Torroella, on the right bank of the river Daro. It was built with a medieval ramparts structure, well preserved, surrounding a core of narrow streets. In front of the northern part of the wall remains a market square and Gothic wooden roof beams supported by two arches. The Romanesque church of Sant Pere d&#8217;Ullastret from the year 899 and a basilica with three naves and three apses, is X-XI centuries.<\/p>\n<p>Up another hill close within two kilometers called St. Andrew there is the fortified settlement of Ullastret, a major Iberian site of seventh century BC. Ullastret was one of the most important Iberian settlements in Catalonia and the Iberians constructed a large space walled and established their own culture vestiges of which can be seen in Ullastret Archaeological Museum, in the Iberian settlement.<\/p>\n<p><a href=\"https:\/\/restaurantiberic.com\/wp-content\/uploads\/2015\/06\/Temple-rom\u00e0nic-Ullastret-Ib.jpg\"><img loading=\"lazy\" decoding=\"async\" class=\"alignleft size-medium wp-image-458\" src=\"https:\/\/restaurantiberic.com\/wp-content\/uploads\/2015\/06\/Temple-rom\u00e0nic-Ullastret-Ib-300x200.jpg\" alt=\"Temple-rom\u00e0nic-Ullastret-Ib\" width=\"300\" height=\"200\" srcset=\"https:\/\/restaurantiberic.com\/wp-content\/uploads\/2015\/06\/Temple-rom\u00e0nic-Ullastret-Ib-300x200.jpg 300w, https:\/\/restaurantiberic.com\/wp-content\/uploads\/2015\/06\/Temple-rom\u00e0nic-Ullastret-Ib-845x566.jpg 845w, https:\/\/restaurantiberic.com\/wp-content\/uploads\/2015\/06\/Temple-rom\u00e0nic-Ullastret-Ib-705x469.jpg 705w, https:\/\/restaurantiberic.com\/wp-content\/uploads\/2015\/06\/Temple-rom\u00e0nic-Ullastret-Ib-450x300.jpg 450w, https:\/\/restaurantiberic.com\/wp-content\/uploads\/2015\/06\/Temple-rom\u00e0nic-Ullastret-Ib.jpg 850w\" sizes=\"auto, (max-width: 300px) 100vw, 300px\" \/><\/a>Ullastret has a spectacular view of the Montgr\u00ed and the Empord\u00e0 plain and you are a few minutes drive from Monells, Begur, Pals, Peratallada, La Bisbal and Torroella and not far from places as interesting as Cadaqu\u00e9s, Figueres and Girona or P\u00fabol. And you are in a natural setting, near the Montgr\u00ed, Medes Islands and Baix Ter Natural Park, the plains of the Empord\u00e0 and the Gavarres hills, with all the options of nature, hiking and mountain biking you can imagine.<\/p>\n<p>You are also very close to the best beaches and coves of the Costa Brava where you can enjoy water activities ranging from scuba diving to sailing through the kite surfing, paddle surfing, snorkeling or fishing. Likewise, the sporty&#8217;re also playing some of the most prestigious golf courses in the country.<\/p>\n<p>Gastronomically you also are in paradise, starting at Ullastret, where you can find the cottage\u00a0cheese\u00a0and cheeses from Ca la Nuri, but also with the vineyards of the DO Emporda close by, or the crowd of local producers and craftsmen who give us some of the best meals of our land, some of which you can try at our restaurant.<\/p>\n<\/div><\/section>\n<\/div><\/div><\/div><!-- close content main div --><\/div><\/div><div id='after_section_2'  class='main_color av_default_container_wrap container_wrap sidebar_right'  ><div class='container av-section-cont-open' ><div class='template-page content  av-content-small alpha units'><div class='post-entry post-entry-type-page post-entry-7578'><div class='entry-content-wrapper clearfix'>\n","protected":false},"excerpt":{"rendered":"","protected":false},"author":1,"featured_media":0,"parent":0,"menu_order":4,"comment_status":"closed","ping_status":"closed","template":"","meta":{"footnotes":""},"class_list":["post-7578","page","type-page","status-publish","hentry"],"yoast_head":"<!-- This site is optimized with the Yoast SEO plugin v26.7 - https:\/\/yoast.com\/wordpress\/plugins\/seo\/ -->\n<title>Ullastret and surrounding area - Restaurant Ib\u00e8ric<\/title>\n<meta name=\"robots\" content=\"index, follow, max-snippet:-1, max-image-preview:large, max-video-preview:-1\" \/>\n<link rel=\"canonical\" href=\"https:\/\/restaurantiberic.com\/en\/ullastret-and-surrounding-area\/\" \/>\n<meta property=\"og:locale\" content=\"en_US\" \/>\n<meta property=\"og:type\" content=\"article\" \/>\n<meta property=\"og:title\" content=\"Ullastret and surrounding area - Restaurant Ib\u00e8ric\" \/>\n<meta property=\"og:url\" content=\"https:\/\/restaurantiberic.com\/en\/ullastret-and-surrounding-area\/\" \/>\n<meta property=\"og:site_name\" content=\"Restaurant Ib\u00e8ric\" \/>\n<meta property=\"article:modified_time\" content=\"2023-09-13T11:17:20+00:00\" \/>\n<meta property=\"og:image\" content=\"https:\/\/restaurantiberic.com\/wp-content\/uploads\/2015\/06\/Aerea-Ullastret-Ib\u00e8ric-300x178.jpg\" \/>\n<meta name=\"twitter:card\" content=\"summary_large_image\" \/>\n<meta name=\"twitter:label1\" content=\"Est. reading time\" \/>\n\t<meta name=\"twitter:data1\" content=\"3 minutes\" \/>\n<script type=\"application\/ld+json\" class=\"yoast-schema-graph\">{\"@context\":\"https:\/\/schema.org\",\"@graph\":[{\"@type\":\"WebPage\",\"@id\":\"https:\/\/restaurantiberic.com\/en\/ullastret-and-surrounding-area\/\",\"url\":\"https:\/\/restaurantiberic.com\/en\/ullastret-and-surrounding-area\/\",\"name\":\"Ullastret and surrounding area - Restaurant Ib\u00e8ric\",\"isPartOf\":{\"@id\":\"https:\/\/restaurantiberic.com\/en\/#website\"},\"datePublished\":\"2015-09-02T23:01:40+00:00\",\"dateModified\":\"2023-09-13T11:17:20+00:00\",\"breadcrumb\":{\"@id\":\"https:\/\/restaurantiberic.com\/en\/ullastret-and-surrounding-area\/#breadcrumb\"},\"inLanguage\":\"en-US\",\"potentialAction\":[{\"@type\":\"ReadAction\",\"target\":[\"https:\/\/restaurantiberic.com\/en\/ullastret-and-surrounding-area\/\"]}]},{\"@type\":\"BreadcrumbList\",\"@id\":\"https:\/\/restaurantiberic.com\/en\/ullastret-and-surrounding-area\/#breadcrumb\",\"itemListElement\":[{\"@type\":\"ListItem\",\"position\":1,\"name\":\"Inici\",\"item\":\"https:\/\/restaurantiberic.com\/en\/\"},{\"@type\":\"ListItem\",\"position\":2,\"name\":\"Ullastret and surrounding area\"}]},{\"@type\":\"WebSite\",\"@id\":\"https:\/\/restaurantiberic.com\/en\/#website\",\"url\":\"https:\/\/restaurantiberic.com\/en\/\",\"name\":\"Restaurant Ib\u00e8ric\",\"description\":\"\",\"potentialAction\":[{\"@type\":\"SearchAction\",\"target\":{\"@type\":\"EntryPoint\",\"urlTemplate\":\"https:\/\/restaurantiberic.com\/en\/?s={search_term_string}\"},\"query-input\":{\"@type\":\"PropertyValueSpecification\",\"valueRequired\":true,\"valueName\":\"search_term_string\"}}],\"inLanguage\":\"en-US\"}]}<\/script>\n<!-- \/ Yoast SEO plugin. -->","yoast_head_json":{"title":"Ullastret and surrounding area - Restaurant Ib\u00e8ric","robots":{"index":"index","follow":"follow","max-snippet":"max-snippet:-1","max-image-preview":"max-image-preview:large","max-video-preview":"max-video-preview:-1"},"canonical":"https:\/\/restaurantiberic.com\/en\/ullastret-and-surrounding-area\/","og_locale":"en_US","og_type":"article","og_title":"Ullastret and surrounding area - Restaurant Ib\u00e8ric","og_url":"https:\/\/restaurantiberic.com\/en\/ullastret-and-surrounding-area\/","og_site_name":"Restaurant Ib\u00e8ric","article_modified_time":"2023-09-13T11:17:20+00:00","og_image":[{"url":"https:\/\/restaurantiberic.com\/wp-content\/uploads\/2015\/06\/Aerea-Ullastret-Ib\u00e8ric-300x178.jpg","type":"","width":"","height":""}],"twitter_card":"summary_large_image","twitter_misc":{"Est. reading time":"3 minutes"},"schema":{"@context":"https:\/\/schema.org","@graph":[{"@type":"WebPage","@id":"https:\/\/restaurantiberic.com\/en\/ullastret-and-surrounding-area\/","url":"https:\/\/restaurantiberic.com\/en\/ullastret-and-surrounding-area\/","name":"Ullastret and surrounding area - Restaurant Ib\u00e8ric","isPartOf":{"@id":"https:\/\/restaurantiberic.com\/en\/#website"},"datePublished":"2015-09-02T23:01:40+00:00","dateModified":"2023-09-13T11:17:20+00:00","breadcrumb":{"@id":"https:\/\/restaurantiberic.com\/en\/ullastret-and-surrounding-area\/#breadcrumb"},"inLanguage":"en-US","potentialAction":[{"@type":"ReadAction","target":["https:\/\/restaurantiberic.com\/en\/ullastret-and-surrounding-area\/"]}]},{"@type":"BreadcrumbList","@id":"https:\/\/restaurantiberic.com\/en\/ullastret-and-surrounding-area\/#breadcrumb","itemListElement":[{"@type":"ListItem","position":1,"name":"Inici","item":"https:\/\/restaurantiberic.com\/en\/"},{"@type":"ListItem","position":2,"name":"Ullastret and surrounding area"}]},{"@type":"WebSite","@id":"https:\/\/restaurantiberic.com\/en\/#website","url":"https:\/\/restaurantiberic.com\/en\/","name":"Restaurant Ib\u00e8ric","description":"","potentialAction":[{"@type":"SearchAction","target":{"@type":"EntryPoint","urlTemplate":"https:\/\/restaurantiberic.com\/en\/?s={search_term_string}"},"query-input":{"@type":"PropertyValueSpecification","valueRequired":true,"valueName":"search_term_string"}}],"inLanguage":"en-US"}]}},"_links":{"self":[{"href":"https:\/\/restaurantiberic.com\/en\/wp-json\/wp\/v2\/pages\/7578","targetHints":{"allow":["GET"]}}],"collection":[{"href":"https:\/\/restaurantiberic.com\/en\/wp-json\/wp\/v2\/pages"}],"about":[{"href":"https:\/\/restaurantiberic.com\/en\/wp-json\/wp\/v2\/types\/page"}],"author":[{"embeddable":true,"href":"https:\/\/restaurantiberic.com\/en\/wp-json\/wp\/v2\/users\/1"}],"replies":[{"embeddable":true,"href":"https:\/\/restaurantiberic.com\/en\/wp-json\/wp\/v2\/comments?post=7578"}],"version-history":[{"count":2,"href":"https:\/\/restaurantiberic.com\/en\/wp-json\/wp\/v2\/pages\/7578\/revisions"}],"predecessor-version":[{"id":10381,"href":"https:\/\/restaurantiberic.com\/en\/wp-json\/wp\/v2\/pages\/7578\/revisions\/10381"}],"wp:attachment":[{"href":"https:\/\/restaurantiberic.com\/en\/wp-json\/wp\/v2\/media?parent=7578"}],"curies":[{"name":"wp","href":"https:\/\/api.w.org\/{rel}","templated":true}]}}